{"id":111,"date":"2023-08-08T14:26:33","date_gmt":"2023-08-08T12:26:33","guid":{"rendered":"https:\/\/www.josset-psychomot.fr\/?page_id=111"},"modified":"2023-09-26T10:54:23","modified_gmt":"2023-09-26T08:54:23","slug":"les-indications-de-suivis","status":"publish","type":"page","link":"https:\/\/www.josset-psychomot.fr\/?page_id=111","title":{"rendered":"Les indications de suivis"},"content":{"rendered":"\n<h3 class=\"wp-block-heading has-text-align-center\">Les indications de suivis en psychomotricit\u00e9<\/h3>\n\n\n\n<div style=\"height:41px\" aria-hidden=\"true\" class=\"wp-block-spacer\"><\/div>\n\n\n\n<h4 class=\"wp-block-heading has-text-align-center\" style=\"font-size:20px\">La psychomotricit\u00e9 s&rsquo;adresse \u00e0 tous les \u00e2ges de la vie \u00e0 la fois en <strong>pr\u00e9vention<\/strong> et <strong>\u00e9ducation<\/strong>, en <strong>d\u00e9pistage<\/strong>, en <strong>r\u00e9\u00e9ducation<\/strong> et <strong>th\u00e9rapie<\/strong>. <\/h4>\n\n\n\n<div style=\"height:41px\" aria-hidden=\"true\" class=\"wp-block-spacer\"><\/div>\n\n\n\n<h2 class=\"wp-block-heading\"><strong>Pour les b\u00e9b\u00e9s:<\/strong><\/h2>\n\n\n\n<div class=\"wp-block-columns is-layout-flex wp-container-core-columns-is-layout-8f761849 wp-block-columns-is-layout-flex\">\n<div class=\"wp-block-column is-layout-flow wp-block-column-is-layout-flow\">\n<p class=\"has-text-align-justify wp-block-paragraph\" style=\"font-size:16px\">Un accompagnement en psychomotricit\u00e9 aupr\u00e8s du b\u00e9b\u00e9 ou du tout-petit est parfois n\u00e9cessaire notamment dans le cadre d\u2019un<strong>&nbsp;retard de d\u00e9veloppement psychomoteur,<\/strong>&nbsp;d\u2019une<strong>&nbsp;naissance pr\u00e9matur\u00e9e<\/strong>, de <strong>pathologies cong\u00e9nitales <\/strong>ou lorsque la<strong>&nbsp;relation parents-enfant est difficile.<\/strong>&nbsp;<\/p>\n\n\n\n<p class=\"has-text-align-justify wp-block-paragraph\" style=\"font-size:16px\">Le travail en psychomotricit\u00e9 favorise l\u2019\u00e9veil, les explorations&nbsp; sensorielles et motrices, il permet de renforcer la s\u00e9curit\u00e9 de base et de faciliter le lien entre les partenaires.<\/p>\n<\/div>\n\n\n\n<div class=\"wp-block-column is-vertically-aligned-center is-layout-flow wp-block-column-is-layout-flow\">\n<figure class=\"wp-block-image size-full\"><img loading=\"lazy\" decoding=\"async\" width=\"642\" height=\"281\" src=\"https:\/\/www.josset-psychomot.fr\/wp-content\/uploads\/2023\/09\/Bebe-maman.jpg\" alt=\"\" class=\"wp-image-243\" srcset=\"https:\/\/www.josset-psychomot.fr\/wp-content\/uploads\/2023\/09\/Bebe-maman.jpg 642w, https:\/\/www.josset-psychomot.fr\/wp-content\/uploads\/2023\/09\/Bebe-maman-300x131.jpg 300w\" sizes=\"auto, (max-width: 642px) 100vw, 642px\" \/><\/figure>\n<\/div>\n<\/div>\n\n\n\n<div style=\"height:41px\" aria-hidden=\"true\" class=\"wp-block-spacer\"><\/div>\n\n\n\n<h2 class=\"wp-block-heading\"><strong>Pour les enfants:<\/strong><\/h2>\n\n\n\n<div class=\"wp-block-columns is-layout-flex wp-container-core-columns-is-layout-8f761849 wp-block-columns-is-layout-flex\">\n<div class=\"wp-block-column is-layout-flow wp-block-column-is-layout-flow\">\n<figure class=\"wp-block-image size-full is-resized\"><img loading=\"lazy\" decoding=\"async\" width=\"406\" height=\"650\" src=\"https:\/\/www.josset-psychomot.fr\/wp-content\/uploads\/2023\/09\/enfant-edited.jpg\" alt=\"\" class=\"wp-image-438\" style=\"width:335px;height:auto\" srcset=\"https:\/\/www.josset-psychomot.fr\/wp-content\/uploads\/2023\/09\/enfant-edited.jpg 406w, https:\/\/www.josset-psychomot.fr\/wp-content\/uploads\/2023\/09\/enfant-edited-187x300.jpg 187w\" sizes=\"auto, (max-width: 406px) 100vw, 406px\" \/><\/figure>\n<\/div>\n\n\n\n<div class=\"wp-block-column is-vertically-aligned-center is-layout-flow wp-block-column-is-layout-flow\">\n<p class=\"has-text-align-justify wp-block-paragraph\" style=\"font-size:16px\">La psychomotricit\u00e9 s\u2019adresse aux enfants pr\u00e9sentant des&nbsp;<strong>difficult\u00e9s d\u2019apprentissages <\/strong>scolaires comme la&nbsp;<strong>dysgraphie<\/strong>, la&nbsp;<strong>dyspraxie<\/strong>, des probl\u00e8mes de&nbsp;<strong>lat\u00e9ralit\u00e9<\/strong>, de l\u2019<strong>organisation spatio-temporelle,<\/strong>&nbsp;des troubles de&nbsp;<strong>l\u2019attention<\/strong>&nbsp;et de la&nbsp;<strong>concentration<\/strong>, une&nbsp;<strong>inhibition<\/strong>&nbsp;ou une&nbsp;<strong>instabilit\u00e9<\/strong>&nbsp;psychomotrice\u2026<br>Un suivi peut \u00eatre \u00e9galement propos\u00e9 pour des enfants g\u00ean\u00e9s dans leur&nbsp;<strong>motricit\u00e9<\/strong>&nbsp;: maladresse motrice, troubles moteurs, des coordinations\/dissociations globales et fines, retard de d\u00e9veloppement.<br>La psychomotricit\u00e9 peut aider les enfants ayant des<strong>&nbsp;troubles de la relation et de la communication<\/strong>&nbsp;(trouble du spectre autistique, trouble envahissant du d\u00e9veloppement).<\/p>\n<\/div>\n<\/div>\n\n\n\n<div style=\"height:41px\" aria-hidden=\"true\" class=\"wp-block-spacer\"><\/div>\n\n\n\n<h2 class=\"wp-block-heading\"><strong>Pour les adolescents:<\/strong><\/h2>\n\n\n\n<p class=\"has-text-align-justify wp-block-paragraph\" style=\"font-size:16px\">Lors de cette p\u00e9riode de transition,<strong>&nbsp;l\u2019approche psychomotrice aide l\u2019adolescent \u00e0 mieux vivre les modifications corporelles et psychiques<\/strong>&nbsp;qui peuvent engendrer des troubles des&nbsp;<strong>conduites alimentaires, du comportement, de la personnalit\u00e9, de la relation.<\/strong>&nbsp;Le&nbsp;travail s\u2019oriente surtout sur la construction du&nbsp;<strong>sch\u00e9ma corporel<\/strong>&nbsp;et l\u2019int\u00e9gration de<strong>&nbsp;l\u2019image corporelle.<\/strong><\/p>\n\n\n\n<figure class=\"wp-block-image size-large\"><img loading=\"lazy\" decoding=\"async\" width=\"1024\" height=\"816\" src=\"https:\/\/www.josset-psychomot.fr\/wp-content\/uploads\/2023\/09\/adolescent-1024x816.jpg\" alt=\"\" class=\"wp-image-242\" srcset=\"https:\/\/www.josset-psychomot.fr\/wp-content\/uploads\/2023\/09\/adolescent-1024x816.jpg 1024w, https:\/\/www.josset-psychomot.fr\/wp-content\/uploads\/2023\/09\/adolescent-300x239.jpg 300w, https:\/\/www.josset-psychomot.fr\/wp-content\/uploads\/2023\/09\/adolescent-768x612.jpg 768w, https:\/\/www.josset-psychomot.fr\/wp-content\/uploads\/2023\/09\/adolescent-1536x1224.jpg 1536w, https:\/\/www.josset-psychomot.fr\/wp-content\/uploads\/2023\/09\/adolescent.jpg 2006w\" sizes=\"auto, (max-width: 1024px) 100vw, 1024px\" \/><\/figure>\n\n\n\n<div style=\"height:41px\" aria-hidden=\"true\" class=\"wp-block-spacer\"><\/div>\n\n\n\n<div class=\"wp-block-columns is-layout-flex wp-container-core-columns-is-layout-8f761849 wp-block-columns-is-layout-flex\">\n<div class=\"wp-block-column is-layout-flow wp-block-column-is-layout-flow\">\n<h2 class=\"wp-block-heading\">Pour les adultes<\/h2>\n\n\n\n<p class=\"has-text-align-justify wp-block-paragraph\" style=\"font-size:16px\">La th\u00e9rapie psychomotrice peut \u00eatre indiqu\u00e9e lorsque l\u2019adulte pr\u00e9sente de <strong>l&rsquo;anxi\u00e9t\u00e9<\/strong>, <strong>des troubles psychosomatiques<\/strong>, <strong>tonico-\u00e9motionnels <\/strong>(b\u00e9gaiement, tics,\u2026), des <strong>souffrances li\u00e9es au surpoids ou \u00e0 l\u2019ob\u00e9sit\u00e9<\/strong>, des<strong> troubles des conduites alimentaires<\/strong>,&nbsp; en cas de <strong>stress post-traumatique,<\/strong> en suivi d<strong>\u2019addictologie<\/strong>, ou encore<strong> des troubles li\u00e9s \u00e0 la grossesse<\/strong>.<\/p>\n\n\n\n<figure class=\"wp-block-image size-full\"><img loading=\"lazy\" decoding=\"async\" width=\"375\" height=\"563\" src=\"https:\/\/www.josset-psychomot.fr\/wp-content\/uploads\/2023\/09\/adulte-1.jpg\" alt=\"\" class=\"wp-image-248\" srcset=\"https:\/\/www.josset-psychomot.fr\/wp-content\/uploads\/2023\/09\/adulte-1.jpg 375w, https:\/\/www.josset-psychomot.fr\/wp-content\/uploads\/2023\/09\/adulte-1-200x300.jpg 200w\" sizes=\"auto, (max-width: 375px) 100vw, 375px\" \/><\/figure>\n<\/div>\n\n\n\n<div class=\"wp-block-column is-vertically-aligned-bottom is-layout-flow wp-block-column-is-layout-flow\">\n<h2 class=\"wp-block-heading\">Pour les personnes \u00e2g\u00e9es<\/h2>\n\n\n\n<p class=\"wp-block-paragraph\" style=\"font-size:16px\">La th\u00e9rapie psychomotrice est indiqu\u00e9e lorsque la personne \u00e2g\u00e9e pr\u00e9sente de&nbsp;<strong>l\u2019anxi\u00e9t\u00e9, des troubles psychosomatiques, un syndrome post-traumatique&nbsp;<\/strong>(A.V.C, traumatisme cr\u00e2nien\u2026),<strong>&nbsp;des troubles mn\u00e9siques, la peur de chuter, une perte d\u2019autonomie\u2026<\/strong><\/p>\n\n\n\n<figure class=\"wp-block-image size-full\"><img loading=\"lazy\" decoding=\"async\" width=\"468\" height=\"307\" src=\"https:\/\/www.josset-psychomot.fr\/wp-content\/uploads\/2023\/09\/personne-agee.jpg\" alt=\"\" class=\"wp-image-245\" srcset=\"https:\/\/www.josset-psychomot.fr\/wp-content\/uploads\/2023\/09\/personne-agee.jpg 468w, https:\/\/www.josset-psychomot.fr\/wp-content\/uploads\/2023\/09\/personne-agee-300x197.jpg 300w\" sizes=\"auto, (max-width: 468px) 100vw, 468px\" \/><\/figure>\n<\/div>\n<\/div>\n\n\n\n<div style=\"height:41px\" aria-hidden=\"true\" class=\"wp-block-spacer\"><\/div>\n","protected":false},"excerpt":{"rendered":"<p>Les indications de suivis en psychomotricit\u00e9 La psychomotricit\u00e9 s&rsquo;adresse \u00e0 tous les \u00e2ges de la vie \u00e0 la fois en pr\u00e9vention et \u00e9ducation, en d\u00e9pistage, en r\u00e9\u00e9ducation et th\u00e9rapie. Pour les b\u00e9b\u00e9s: Un accompagnement en psychomotricit\u00e9 aupr\u00e8s du b\u00e9b\u00e9 ou du tout-petit est parfois n\u00e9cessaire notamment dans le cadre d\u2019un&nbsp;retard de d\u00e9veloppement psychomoteur,&nbsp;d\u2019une&nbsp;naissance pr\u00e9matur\u00e9e, de [&hellip;]<\/p>\n","protected":false},"author":3,"featured_media":0,"parent":0,"menu_order":0,"comment_status":"closed","ping_status":"closed","template":"","meta":{"_crdt_document":"","_monsterinsights_skip_tracking":false,"_monsterinsights_sitenote_active":false,"_monsterinsights_sitenote_note":"","_monsterinsights_sitenote_category":0,"footnotes":""},"class_list":["post-111","page","type-page","status-publish","hentry","entry"],"yoast_head":"<!-- This site is optimized with the Yoast SEO plugin v27.4 - https:\/\/yoast.com\/product\/yoast-seo-wordpress\/ -->\n<title>Les indications de suivis - Morgane Josset psychomotricienne \u00e0 Caen<\/title>\n<meta name=\"robots\" content=\"index, follow, max-snippet:-1, max-image-preview:large, max-video-preview:-1\" \/>\n<link rel=\"canonical\" href=\"https:\/\/www.josset-psychomot.fr\/?page_id=111\" \/>\n<meta property=\"og:locale\" content=\"fr_FR\" \/>\n<meta property=\"og:type\" content=\"article\" \/>\n<meta property=\"og:title\" content=\"Les indications de suivis - Morgane Josset psychomotricienne \u00e0 Caen\" \/>\n<meta property=\"og:description\" content=\"Les indications de suivis en psychomotricit\u00e9 La psychomotricit\u00e9 s&rsquo;adresse \u00e0 tous les \u00e2ges de la vie \u00e0 la fois en pr\u00e9vention et \u00e9ducation, en d\u00e9pistage, en r\u00e9\u00e9ducation et th\u00e9rapie. Pour les b\u00e9b\u00e9s: Un accompagnement en psychomotricit\u00e9 aupr\u00e8s du b\u00e9b\u00e9 ou du tout-petit est parfois n\u00e9cessaire notamment dans le cadre d\u2019un&nbsp;retard de d\u00e9veloppement psychomoteur,&nbsp;d\u2019une&nbsp;naissance pr\u00e9matur\u00e9e, de [&hellip;]\" \/>\n<meta property=\"og:url\" content=\"https:\/\/www.josset-psychomot.fr\/?page_id=111\" \/>\n<meta property=\"og:site_name\" content=\"Morgane Josset psychomotricienne \u00e0 Caen\" \/>\n<meta property=\"article:modified_time\" content=\"2023-09-26T08:54:23+00:00\" \/>\n<meta property=\"og:image\" content=\"https:\/\/www.josset-psychomot.fr\/wp-content\/uploads\/2023\/09\/Bebe-maman.jpg\" \/>\n<meta name=\"twitter:card\" content=\"summary_large_image\" \/>\n<meta name=\"twitter:label1\" content=\"Dur\u00e9e de lecture estim\u00e9e\" \/>\n\t<meta name=\"twitter:data1\" content=\"3 minutes\" \/>\n<script type=\"application\/ld+json\" class=\"yoast-schema-graph\">{\"@context\":\"https:\\\/\\\/schema.org\",\"@graph\":[{\"@type\":\"WebPage\",\"@id\":\"https:\\\/\\\/www.josset-psychomot.fr\\\/?page_id=111\",\"url\":\"https:\\\/\\\/www.josset-psychomot.fr\\\/?page_id=111\",\"name\":\"Les indications de suivis - Morgane Josset psychomotricienne \u00e0 Caen\",\"isPartOf\":{\"@id\":\"https:\\\/\\\/www.josset-psychomot.fr\\\/#website\"},\"primaryImageOfPage\":{\"@id\":\"https:\\\/\\\/www.josset-psychomot.fr\\\/?page_id=111#primaryimage\"},\"image\":{\"@id\":\"https:\\\/\\\/www.josset-psychomot.fr\\\/?page_id=111#primaryimage\"},\"thumbnailUrl\":\"https:\\\/\\\/www.josset-psychomot.fr\\\/wp-content\\\/uploads\\\/2023\\\/09\\\/Bebe-maman.jpg\",\"datePublished\":\"2023-08-08T12:26:33+00:00\",\"dateModified\":\"2023-09-26T08:54:23+00:00\",\"breadcrumb\":{\"@id\":\"https:\\\/\\\/www.josset-psychomot.fr\\\/?page_id=111#breadcrumb\"},\"inLanguage\":\"fr-FR\",\"potentialAction\":[{\"@type\":\"ReadAction\",\"target\":[\"https:\\\/\\\/www.josset-psychomot.fr\\\/?page_id=111\"]}]},{\"@type\":\"ImageObject\",\"inLanguage\":\"fr-FR\",\"@id\":\"https:\\\/\\\/www.josset-psychomot.fr\\\/?page_id=111#primaryimage\",\"url\":\"https:\\\/\\\/www.josset-psychomot.fr\\\/wp-content\\\/uploads\\\/2023\\\/09\\\/Bebe-maman.jpg\",\"contentUrl\":\"https:\\\/\\\/www.josset-psychomot.fr\\\/wp-content\\\/uploads\\\/2023\\\/09\\\/Bebe-maman.jpg\",\"width\":642,\"height\":281},{\"@type\":\"BreadcrumbList\",\"@id\":\"https:\\\/\\\/www.josset-psychomot.fr\\\/?page_id=111#breadcrumb\",\"itemListElement\":[{\"@type\":\"ListItem\",\"position\":1,\"name\":\"Accueil\",\"item\":\"https:\\\/\\\/www.josset-psychomot.fr\\\/\"},{\"@type\":\"ListItem\",\"position\":2,\"name\":\"Les indications de suivis\"}]},{\"@type\":\"WebSite\",\"@id\":\"https:\\\/\\\/www.josset-psychomot.fr\\\/#website\",\"url\":\"https:\\\/\\\/www.josset-psychomot.fr\\\/\",\"name\":\"Morgane Josset psychomotricienne \u00e0 Caen\",\"description\":\"\",\"publisher\":{\"@id\":\"https:\\\/\\\/www.josset-psychomot.fr\\\/#organization\"},\"potentialAction\":[{\"@type\":\"SearchAction\",\"target\":{\"@type\":\"EntryPoint\",\"urlTemplate\":\"https:\\\/\\\/www.josset-psychomot.fr\\\/?s={search_term_string}\"},\"query-input\":{\"@type\":\"PropertyValueSpecification\",\"valueRequired\":true,\"valueName\":\"search_term_string\"}}],\"inLanguage\":\"fr-FR\"},{\"@type\":\"Organization\",\"@id\":\"https:\\\/\\\/www.josset-psychomot.fr\\\/#organization\",\"name\":\"Morgane Josset psychomotricienne \u00e0 Caen\",\"url\":\"https:\\\/\\\/www.josset-psychomot.fr\\\/\",\"logo\":{\"@type\":\"ImageObject\",\"inLanguage\":\"fr-FR\",\"@id\":\"https:\\\/\\\/www.josset-psychomot.fr\\\/#\\\/schema\\\/logo\\\/image\\\/\",\"url\":\"https:\\\/\\\/www.josset-psychomot.fr\\\/wp-content\\\/uploads\\\/2024\\\/09\\\/cropped-logo-site-2.jpg\",\"contentUrl\":\"https:\\\/\\\/www.josset-psychomot.fr\\\/wp-content\\\/uploads\\\/2024\\\/09\\\/cropped-logo-site-2.jpg\",\"width\":1067,\"height\":863,\"caption\":\"Morgane Josset psychomotricienne \u00e0 Caen\"},\"image\":{\"@id\":\"https:\\\/\\\/www.josset-psychomot.fr\\\/#\\\/schema\\\/logo\\\/image\\\/\"}}]}<\/script>\n<!-- \/ Yoast SEO plugin. -->","yoast_head_json":{"title":"Les indications de suivis - Morgane Josset psychomotricienne \u00e0 Caen","robots":{"index":"index","follow":"follow","max-snippet":"max-snippet:-1","max-image-preview":"max-image-preview:large","max-video-preview":"max-video-preview:-1"},"canonical":"https:\/\/www.josset-psychomot.fr\/?page_id=111","og_locale":"fr_FR","og_type":"article","og_title":"Les indications de suivis - Morgane Josset psychomotricienne \u00e0 Caen","og_description":"Les indications de suivis en psychomotricit\u00e9 La psychomotricit\u00e9 s&rsquo;adresse \u00e0 tous les \u00e2ges de la vie \u00e0 la fois en pr\u00e9vention et \u00e9ducation, en d\u00e9pistage, en r\u00e9\u00e9ducation et th\u00e9rapie. Pour les b\u00e9b\u00e9s: Un accompagnement en psychomotricit\u00e9 aupr\u00e8s du b\u00e9b\u00e9 ou du tout-petit est parfois n\u00e9cessaire notamment dans le cadre d\u2019un&nbsp;retard de d\u00e9veloppement psychomoteur,&nbsp;d\u2019une&nbsp;naissance pr\u00e9matur\u00e9e, de [&hellip;]","og_url":"https:\/\/www.josset-psychomot.fr\/?page_id=111","og_site_name":"Morgane Josset psychomotricienne \u00e0 Caen","article_modified_time":"2023-09-26T08:54:23+00:00","og_image":[{"url":"https:\/\/www.josset-psychomot.fr\/wp-content\/uploads\/2023\/09\/Bebe-maman.jpg","type":"","width":"","height":""}],"twitter_card":"summary_large_image","twitter_misc":{"Dur\u00e9e de lecture estim\u00e9e":"3 minutes"},"schema":{"@context":"https:\/\/schema.org","@graph":[{"@type":"WebPage","@id":"https:\/\/www.josset-psychomot.fr\/?page_id=111","url":"https:\/\/www.josset-psychomot.fr\/?page_id=111","name":"Les indications de suivis - Morgane Josset psychomotricienne \u00e0 Caen","isPartOf":{"@id":"https:\/\/www.josset-psychomot.fr\/#website"},"primaryImageOfPage":{"@id":"https:\/\/www.josset-psychomot.fr\/?page_id=111#primaryimage"},"image":{"@id":"https:\/\/www.josset-psychomot.fr\/?page_id=111#primaryimage"},"thumbnailUrl":"https:\/\/www.josset-psychomot.fr\/wp-content\/uploads\/2023\/09\/Bebe-maman.jpg","datePublished":"2023-08-08T12:26:33+00:00","dateModified":"2023-09-26T08:54:23+00:00","breadcrumb":{"@id":"https:\/\/www.josset-psychomot.fr\/?page_id=111#breadcrumb"},"inLanguage":"fr-FR","potentialAction":[{"@type":"ReadAction","target":["https:\/\/www.josset-psychomot.fr\/?page_id=111"]}]},{"@type":"ImageObject","inLanguage":"fr-FR","@id":"https:\/\/www.josset-psychomot.fr\/?page_id=111#primaryimage","url":"https:\/\/www.josset-psychomot.fr\/wp-content\/uploads\/2023\/09\/Bebe-maman.jpg","contentUrl":"https:\/\/www.josset-psychomot.fr\/wp-content\/uploads\/2023\/09\/Bebe-maman.jpg","width":642,"height":281},{"@type":"BreadcrumbList","@id":"https:\/\/www.josset-psychomot.fr\/?page_id=111#breadcrumb","itemListElement":[{"@type":"ListItem","position":1,"name":"Accueil","item":"https:\/\/www.josset-psychomot.fr\/"},{"@type":"ListItem","position":2,"name":"Les indications de suivis"}]},{"@type":"WebSite","@id":"https:\/\/www.josset-psychomot.fr\/#website","url":"https:\/\/www.josset-psychomot.fr\/","name":"Morgane Josset psychomotricienne \u00e0 Caen","description":"","publisher":{"@id":"https:\/\/www.josset-psychomot.fr\/#organization"},"potentialAction":[{"@type":"SearchAction","target":{"@type":"EntryPoint","urlTemplate":"https:\/\/www.josset-psychomot.fr\/?s={search_term_string}"},"query-input":{"@type":"PropertyValueSpecification","valueRequired":true,"valueName":"search_term_string"}}],"inLanguage":"fr-FR"},{"@type":"Organization","@id":"https:\/\/www.josset-psychomot.fr\/#organization","name":"Morgane Josset psychomotricienne \u00e0 Caen","url":"https:\/\/www.josset-psychomot.fr\/","logo":{"@type":"ImageObject","inLanguage":"fr-FR","@id":"https:\/\/www.josset-psychomot.fr\/#\/schema\/logo\/image\/","url":"https:\/\/www.josset-psychomot.fr\/wp-content\/uploads\/2024\/09\/cropped-logo-site-2.jpg","contentUrl":"https:\/\/www.josset-psychomot.fr\/wp-content\/uploads\/2024\/09\/cropped-logo-site-2.jpg","width":1067,"height":863,"caption":"Morgane Josset psychomotricienne \u00e0 Caen"},"image":{"@id":"https:\/\/www.josset-psychomot.fr\/#\/schema\/logo\/image\/"}}]}},"jetpack_sharing_enabled":true,"_links":{"self":[{"href":"https:\/\/www.josset-psychomot.fr\/index.php?rest_route=\/wp\/v2\/pages\/111","targetHints":{"allow":["GET"]}}],"collection":[{"href":"https:\/\/www.josset-psychomot.fr\/index.php?rest_route=\/wp\/v2\/pages"}],"about":[{"href":"https:\/\/www.josset-psychomot.fr\/index.php?rest_route=\/wp\/v2\/types\/page"}],"author":[{"embeddable":true,"href":"https:\/\/www.josset-psychomot.fr\/index.php?rest_route=\/wp\/v2\/users\/3"}],"replies":[{"embeddable":true,"href":"https:\/\/www.josset-psychomot.fr\/index.php?rest_route=%2Fwp%2Fv2%2Fcomments&post=111"}],"version-history":[{"count":10,"href":"https:\/\/www.josset-psychomot.fr\/index.php?rest_route=\/wp\/v2\/pages\/111\/revisions"}],"predecessor-version":[{"id":569,"href":"https:\/\/www.josset-psychomot.fr\/index.php?rest_route=\/wp\/v2\/pages\/111\/revisions\/569"}],"wp:attachment":[{"href":"https:\/\/www.josset-psychomot.fr\/index.php?rest_route=%2Fwp%2Fv2%2Fmedia&parent=111"}],"curies":[{"name":"wp","href":"https:\/\/api.w.org\/{rel}","templated":true}]}}