{"id":113,"date":"2023-08-08T14:27:06","date_gmt":"2023-08-08T12:27:06","guid":{"rendered":"https:\/\/www.josset-psychomot.fr\/?page_id=113"},"modified":"2023-09-21T13:36:50","modified_gmt":"2023-09-21T11:36:50","slug":"cadre-legislatif-de-la-profession","status":"publish","type":"page","link":"https:\/\/www.josset-psychomot.fr\/?page_id=113","title":{"rendered":"Cadre l\u00e9gislatif de la profession"},"content":{"rendered":"\n<p class=\"wp-block-paragraph\"><\/p>\n\n\n\n<div class=\"wp-block-columns is-layout-flex wp-container-core-columns-is-layout-8f761849 wp-block-columns-is-layout-flex\">\n<div class=\"wp-block-column is-layout-flow wp-block-column-is-layout-flow\" style=\"flex-basis:33.33%\">\n<figure class=\"wp-block-image size-full\"><img loading=\"lazy\" decoding=\"async\" width=\"512\" height=\"512\" src=\"https:\/\/www.josset-psychomot.fr\/wp-content\/uploads\/2023\/09\/cropped-caducee.jpg\" alt=\"\" class=\"wp-image-398\" srcset=\"https:\/\/www.josset-psychomot.fr\/wp-content\/uploads\/2023\/09\/cropped-caducee.jpg 512w, https:\/\/www.josset-psychomot.fr\/wp-content\/uploads\/2023\/09\/cropped-caducee-300x300.jpg 300w, https:\/\/www.josset-psychomot.fr\/wp-content\/uploads\/2023\/09\/cropped-caducee-150x150.jpg 150w, https:\/\/www.josset-psychomot.fr\/wp-content\/uploads\/2023\/09\/cropped-caducee-270x270.jpg 270w, https:\/\/www.josset-psychomot.fr\/wp-content\/uploads\/2023\/09\/cropped-caducee-192x192.jpg 192w, https:\/\/www.josset-psychomot.fr\/wp-content\/uploads\/2023\/09\/cropped-caducee-180x180.jpg 180w, https:\/\/www.josset-psychomot.fr\/wp-content\/uploads\/2023\/09\/cropped-caducee-32x32.jpg 32w\" sizes=\"auto, (max-width: 512px) 100vw, 512px\" \/><\/figure>\n<\/div>\n\n\n\n<div class=\"wp-block-column is-layout-flow wp-block-column-is-layout-flow\" style=\"flex-basis:66.66%\">\n<p class=\"wp-block-paragraph\"><\/p>\n\n\n\n<p class=\"wp-block-paragraph\">La profession de psychomotricien est r\u00e9glement\u00e9e depuis\u00a0<strong>1974<\/strong>, date \u00e0 laquelle le\u00a0<strong><a href=\"https:\/\/cnppsychomotriciensfr.wordpress.com\/le-diplome-detat\/\">Dipl\u00f4me<\/a>\u00a0<a href=\"https:\/\/cnppsychomotriciensfr.wordpress.com\/le-diplome-detat\/\">d\u2019\u00c9tat<\/a>\u00a0<\/strong>de Psychomotricien est cr\u00e9\u00e9 par D\u00e9cret n\u00b0\u00a0<a href=\"https:\/\/www.legifrance.gouv.fr\/affichTexte.do?cidTexte=JORFTEXT000000304369\">74-112 du 15 f\u00e9vrier<\/a>. La d\u00e9tention de ce dernier est obligatoire afin de pouvoir exercer en tant que psychomotricien. La profession de psychomotricien est inscrite au livre IV du Code de la Sant\u00e9 Publique. Il est un professionnel de sant\u00e9 au titre d\u2019auxiliaire m\u00e9dical\u00a0<a href=\"https:\/\/www.legifrance.gouv.fr\/affichCode.do;jsessionid=D217FF60B5B7B9416FAA12AF07C737F2.tplgfr29s_3?idSectionTA=LEGISCTA000006171316&amp;cidTexte=LEGITEXT000006072665&amp;dateTexte=20200509\">(Article L4332)<\/a> et exerce obligatoirement sous<strong> prescription m\u00e9dicale.<\/strong><\/p>\n\n\n\n<p class=\"wp-block-paragraph\">La profession est r\u00e9gie par un d\u00e9cret de comp\u00e9tences (<a href=\"https:\/\/www.legifrance.gouv.fr\/affichCodeArticle.do?cidTexte=LEGITEXT000006072665&amp;idArticle=LEGIARTI000006914164&amp;categorieLien=id\">Article R4332-1 du 8 ao\u00fbt 2004<\/a>&nbsp;du code de la Sant\u00e9 Publique).<\/p>\n<\/div>\n<\/div>\n","protected":false},"excerpt":{"rendered":"<p>La profession de psychomotricien est r\u00e9glement\u00e9e depuis\u00a01974, date \u00e0 laquelle le\u00a0Dipl\u00f4me\u00a0d\u2019\u00c9tat\u00a0de Psychomotricien est cr\u00e9\u00e9 par D\u00e9cret n\u00b0\u00a074-112 du 15 f\u00e9vrier. La d\u00e9tention de ce dernier est obligatoire afin de pouvoir exercer en tant que psychomotricien. La profession de psychomotricien est inscrite au livre IV du Code de la Sant\u00e9 Publique. Il est un professionnel de [&hellip;]<\/p>\n","protected":false},"author":3,"featured_media":0,"parent":0,"menu_order":0,"comment_status":"closed","ping_status":"closed","template":"","meta":{"_crdt_document":"","_monsterinsights_skip_tracking":false,"_monsterinsights_sitenote_active":false,"_monsterinsights_sitenote_note":"","_monsterinsights_sitenote_category":0,"footnotes":""},"class_list":["post-113","page","type-page","status-publish","hentry","entry"],"yoast_head":"<!-- This site is optimized with the Yoast SEO plugin v27.4 - https:\/\/yoast.com\/product\/yoast-seo-wordpress\/ -->\n<title>Cadre l\u00e9gislatif de la profession - Morgane Josset psychomotricienne \u00e0 Caen<\/title>\n<meta name=\"robots\" content=\"index, follow, max-snippet:-1, max-image-preview:large, max-video-preview:-1\" \/>\n<link rel=\"canonical\" href=\"https:\/\/www.josset-psychomot.fr\/?page_id=113\" \/>\n<meta property=\"og:locale\" content=\"fr_FR\" \/>\n<meta property=\"og:type\" content=\"article\" \/>\n<meta property=\"og:title\" content=\"Cadre l\u00e9gislatif de la profession - Morgane Josset psychomotricienne \u00e0 Caen\" \/>\n<meta property=\"og:description\" content=\"La profession de psychomotricien est r\u00e9glement\u00e9e depuis\u00a01974, date \u00e0 laquelle le\u00a0Dipl\u00f4me\u00a0d\u2019\u00c9tat\u00a0de Psychomotricien est cr\u00e9\u00e9 par D\u00e9cret n\u00b0\u00a074-112 du 15 f\u00e9vrier. La d\u00e9tention de ce dernier est obligatoire afin de pouvoir exercer en tant que psychomotricien. La profession de psychomotricien est inscrite au livre IV du Code de la Sant\u00e9 Publique. Il est un professionnel de [&hellip;]\" \/>\n<meta property=\"og:url\" content=\"https:\/\/www.josset-psychomot.fr\/?page_id=113\" \/>\n<meta property=\"og:site_name\" content=\"Morgane Josset psychomotricienne \u00e0 Caen\" \/>\n<meta property=\"article:modified_time\" content=\"2023-09-21T11:36:50+00:00\" \/>\n<meta property=\"og:image\" content=\"https:\/\/www.josset-psychomot.fr\/wp-content\/uploads\/2023\/09\/cropped-caducee.jpg\" \/>\n<meta name=\"twitter:card\" content=\"summary_large_image\" \/>\n<meta name=\"twitter:label1\" content=\"Dur\u00e9e de lecture estim\u00e9e\" \/>\n\t<meta name=\"twitter:data1\" content=\"1 minute\" \/>\n<script type=\"application\/ld+json\" class=\"yoast-schema-graph\">{\"@context\":\"https:\\\/\\\/schema.org\",\"@graph\":[{\"@type\":\"WebPage\",\"@id\":\"https:\\\/\\\/www.josset-psychomot.fr\\\/?page_id=113\",\"url\":\"https:\\\/\\\/www.josset-psychomot.fr\\\/?page_id=113\",\"name\":\"Cadre l\u00e9gislatif de la profession - Morgane Josset psychomotricienne \u00e0 Caen\",\"isPartOf\":{\"@id\":\"https:\\\/\\\/www.josset-psychomot.fr\\\/#website\"},\"primaryImageOfPage\":{\"@id\":\"https:\\\/\\\/www.josset-psychomot.fr\\\/?page_id=113#primaryimage\"},\"image\":{\"@id\":\"https:\\\/\\\/www.josset-psychomot.fr\\\/?page_id=113#primaryimage\"},\"thumbnailUrl\":\"https:\\\/\\\/www.josset-psychomot.fr\\\/wp-content\\\/uploads\\\/2023\\\/09\\\/cropped-caducee.jpg\",\"datePublished\":\"2023-08-08T12:27:06+00:00\",\"dateModified\":\"2023-09-21T11:36:50+00:00\",\"breadcrumb\":{\"@id\":\"https:\\\/\\\/www.josset-psychomot.fr\\\/?page_id=113#breadcrumb\"},\"inLanguage\":\"fr-FR\",\"potentialAction\":[{\"@type\":\"ReadAction\",\"target\":[\"https:\\\/\\\/www.josset-psychomot.fr\\\/?page_id=113\"]}]},{\"@type\":\"ImageObject\",\"inLanguage\":\"fr-FR\",\"@id\":\"https:\\\/\\\/www.josset-psychomot.fr\\\/?page_id=113#primaryimage\",\"url\":\"https:\\\/\\\/www.josset-psychomot.fr\\\/wp-content\\\/uploads\\\/2023\\\/09\\\/cropped-caducee.jpg\",\"contentUrl\":\"https:\\\/\\\/www.josset-psychomot.fr\\\/wp-content\\\/uploads\\\/2023\\\/09\\\/cropped-caducee.jpg\",\"width\":512,\"height\":512},{\"@type\":\"BreadcrumbList\",\"@id\":\"https:\\\/\\\/www.josset-psychomot.fr\\\/?page_id=113#breadcrumb\",\"itemListElement\":[{\"@type\":\"ListItem\",\"position\":1,\"name\":\"Accueil\",\"item\":\"https:\\\/\\\/www.josset-psychomot.fr\\\/\"},{\"@type\":\"ListItem\",\"position\":2,\"name\":\"Cadre l\u00e9gislatif de la profession\"}]},{\"@type\":\"WebSite\",\"@id\":\"https:\\\/\\\/www.josset-psychomot.fr\\\/#website\",\"url\":\"https:\\\/\\\/www.josset-psychomot.fr\\\/\",\"name\":\"Morgane Josset psychomotricienne \u00e0 Caen\",\"description\":\"\",\"publisher\":{\"@id\":\"https:\\\/\\\/www.josset-psychomot.fr\\\/#organization\"},\"potentialAction\":[{\"@type\":\"SearchAction\",\"target\":{\"@type\":\"EntryPoint\",\"urlTemplate\":\"https:\\\/\\\/www.josset-psychomot.fr\\\/?s={search_term_string}\"},\"query-input\":{\"@type\":\"PropertyValueSpecification\",\"valueRequired\":true,\"valueName\":\"search_term_string\"}}],\"inLanguage\":\"fr-FR\"},{\"@type\":\"Organization\",\"@id\":\"https:\\\/\\\/www.josset-psychomot.fr\\\/#organization\",\"name\":\"Morgane Josset psychomotricienne \u00e0 Caen\",\"url\":\"https:\\\/\\\/www.josset-psychomot.fr\\\/\",\"logo\":{\"@type\":\"ImageObject\",\"inLanguage\":\"fr-FR\",\"@id\":\"https:\\\/\\\/www.josset-psychomot.fr\\\/#\\\/schema\\\/logo\\\/image\\\/\",\"url\":\"https:\\\/\\\/www.josset-psychomot.fr\\\/wp-content\\\/uploads\\\/2024\\\/09\\\/cropped-logo-site-2.jpg\",\"contentUrl\":\"https:\\\/\\\/www.josset-psychomot.fr\\\/wp-content\\\/uploads\\\/2024\\\/09\\\/cropped-logo-site-2.jpg\",\"width\":1067,\"height\":863,\"caption\":\"Morgane Josset psychomotricienne \u00e0 Caen\"},\"image\":{\"@id\":\"https:\\\/\\\/www.josset-psychomot.fr\\\/#\\\/schema\\\/logo\\\/image\\\/\"}}]}<\/script>\n<!-- \/ Yoast SEO plugin. -->","yoast_head_json":{"title":"Cadre l\u00e9gislatif de la profession - Morgane Josset psychomotricienne \u00e0 Caen","robots":{"index":"index","follow":"follow","max-snippet":"max-snippet:-1","max-image-preview":"max-image-preview:large","max-video-preview":"max-video-preview:-1"},"canonical":"https:\/\/www.josset-psychomot.fr\/?page_id=113","og_locale":"fr_FR","og_type":"article","og_title":"Cadre l\u00e9gislatif de la profession - Morgane Josset psychomotricienne \u00e0 Caen","og_description":"La profession de psychomotricien est r\u00e9glement\u00e9e depuis\u00a01974, date \u00e0 laquelle le\u00a0Dipl\u00f4me\u00a0d\u2019\u00c9tat\u00a0de Psychomotricien est cr\u00e9\u00e9 par D\u00e9cret n\u00b0\u00a074-112 du 15 f\u00e9vrier. La d\u00e9tention de ce dernier est obligatoire afin de pouvoir exercer en tant que psychomotricien. La profession de psychomotricien est inscrite au livre IV du Code de la Sant\u00e9 Publique. Il est un professionnel de [&hellip;]","og_url":"https:\/\/www.josset-psychomot.fr\/?page_id=113","og_site_name":"Morgane Josset psychomotricienne \u00e0 Caen","article_modified_time":"2023-09-21T11:36:50+00:00","og_image":[{"url":"https:\/\/www.josset-psychomot.fr\/wp-content\/uploads\/2023\/09\/cropped-caducee.jpg","type":"","width":"","height":""}],"twitter_card":"summary_large_image","twitter_misc":{"Dur\u00e9e de lecture estim\u00e9e":"1 minute"},"schema":{"@context":"https:\/\/schema.org","@graph":[{"@type":"WebPage","@id":"https:\/\/www.josset-psychomot.fr\/?page_id=113","url":"https:\/\/www.josset-psychomot.fr\/?page_id=113","name":"Cadre l\u00e9gislatif de la profession - Morgane Josset psychomotricienne \u00e0 Caen","isPartOf":{"@id":"https:\/\/www.josset-psychomot.fr\/#website"},"primaryImageOfPage":{"@id":"https:\/\/www.josset-psychomot.fr\/?page_id=113#primaryimage"},"image":{"@id":"https:\/\/www.josset-psychomot.fr\/?page_id=113#primaryimage"},"thumbnailUrl":"https:\/\/www.josset-psychomot.fr\/wp-content\/uploads\/2023\/09\/cropped-caducee.jpg","datePublished":"2023-08-08T12:27:06+00:00","dateModified":"2023-09-21T11:36:50+00:00","breadcrumb":{"@id":"https:\/\/www.josset-psychomot.fr\/?page_id=113#breadcrumb"},"inLanguage":"fr-FR","potentialAction":[{"@type":"ReadAction","target":["https:\/\/www.josset-psychomot.fr\/?page_id=113"]}]},{"@type":"ImageObject","inLanguage":"fr-FR","@id":"https:\/\/www.josset-psychomot.fr\/?page_id=113#primaryimage","url":"https:\/\/www.josset-psychomot.fr\/wp-content\/uploads\/2023\/09\/cropped-caducee.jpg","contentUrl":"https:\/\/www.josset-psychomot.fr\/wp-content\/uploads\/2023\/09\/cropped-caducee.jpg","width":512,"height":512},{"@type":"BreadcrumbList","@id":"https:\/\/www.josset-psychomot.fr\/?page_id=113#breadcrumb","itemListElement":[{"@type":"ListItem","position":1,"name":"Accueil","item":"https:\/\/www.josset-psychomot.fr\/"},{"@type":"ListItem","position":2,"name":"Cadre l\u00e9gislatif de la profession"}]},{"@type":"WebSite","@id":"https:\/\/www.josset-psychomot.fr\/#website","url":"https:\/\/www.josset-psychomot.fr\/","name":"Morgane Josset psychomotricienne \u00e0 Caen","description":"","publisher":{"@id":"https:\/\/www.josset-psychomot.fr\/#organization"},"potentialAction":[{"@type":"SearchAction","target":{"@type":"EntryPoint","urlTemplate":"https:\/\/www.josset-psychomot.fr\/?s={search_term_string}"},"query-input":{"@type":"PropertyValueSpecification","valueRequired":true,"valueName":"search_term_string"}}],"inLanguage":"fr-FR"},{"@type":"Organization","@id":"https:\/\/www.josset-psychomot.fr\/#organization","name":"Morgane Josset psychomotricienne \u00e0 Caen","url":"https:\/\/www.josset-psychomot.fr\/","logo":{"@type":"ImageObject","inLanguage":"fr-FR","@id":"https:\/\/www.josset-psychomot.fr\/#\/schema\/logo\/image\/","url":"https:\/\/www.josset-psychomot.fr\/wp-content\/uploads\/2024\/09\/cropped-logo-site-2.jpg","contentUrl":"https:\/\/www.josset-psychomot.fr\/wp-content\/uploads\/2024\/09\/cropped-logo-site-2.jpg","width":1067,"height":863,"caption":"Morgane Josset psychomotricienne \u00e0 Caen"},"image":{"@id":"https:\/\/www.josset-psychomot.fr\/#\/schema\/logo\/image\/"}}]}},"jetpack_sharing_enabled":true,"_links":{"self":[{"href":"https:\/\/www.josset-psychomot.fr\/index.php?rest_route=\/wp\/v2\/pages\/113","targetHints":{"allow":["GET"]}}],"collection":[{"href":"https:\/\/www.josset-psychomot.fr\/index.php?rest_route=\/wp\/v2\/pages"}],"about":[{"href":"https:\/\/www.josset-psychomot.fr\/index.php?rest_route=\/wp\/v2\/types\/page"}],"author":[{"embeddable":true,"href":"https:\/\/www.josset-psychomot.fr\/index.php?rest_route=\/wp\/v2\/users\/3"}],"replies":[{"embeddable":true,"href":"https:\/\/www.josset-psychomot.fr\/index.php?rest_route=%2Fwp%2Fv2%2Fcomments&post=113"}],"version-history":[{"count":4,"href":"https:\/\/www.josset-psychomot.fr\/index.php?rest_route=\/wp\/v2\/pages\/113\/revisions"}],"predecessor-version":[{"id":415,"href":"https:\/\/www.josset-psychomot.fr\/index.php?rest_route=\/wp\/v2\/pages\/113\/revisions\/415"}],"wp:attachment":[{"href":"https:\/\/www.josset-psychomot.fr\/index.php?rest_route=%2Fwp%2Fv2%2Fmedia&parent=113"}],"curies":[{"name":"wp","href":"https:\/\/api.w.org\/{rel}","templated":true}]}}