{"id":125,"date":"2023-08-08T14:32:15","date_gmt":"2023-08-08T12:32:15","guid":{"rendered":"https:\/\/www.josset-psychomot.fr\/?page_id=125"},"modified":"2023-09-22T11:24:05","modified_gmt":"2023-09-22T09:24:05","slug":"les-femmes-enceintes","status":"publish","type":"page","link":"https:\/\/www.josset-psychomot.fr\/?page_id=125","title":{"rendered":"Les femmes enceintes"},"content":{"rendered":"\n<h3 class=\"wp-block-heading has-text-align-center\">Psychomotricit\u00e9 aupr\u00e8s des femmes enceintes<\/h3>\n\n\n\n<div style=\"height:41px\" aria-hidden=\"true\" class=\"wp-block-spacer\"><\/div>\n\n\n\n<figure class=\"wp-block-image size-large\"><img loading=\"lazy\" decoding=\"async\" width=\"1024\" height=\"288\" src=\"https:\/\/www.josset-psychomot.fr\/wp-content\/uploads\/2023\/09\/femme-enceinte-1024x288.jpg\" alt=\"\" class=\"wp-image-297\" srcset=\"https:\/\/www.josset-psychomot.fr\/wp-content\/uploads\/2023\/09\/femme-enceinte-1024x288.jpg 1024w, https:\/\/www.josset-psychomot.fr\/wp-content\/uploads\/2023\/09\/femme-enceinte-300x84.jpg 300w, https:\/\/www.josset-psychomot.fr\/wp-content\/uploads\/2023\/09\/femme-enceinte-768x216.jpg 768w, https:\/\/www.josset-psychomot.fr\/wp-content\/uploads\/2023\/09\/femme-enceinte.jpg 1280w\" sizes=\"auto, (max-width: 1024px) 100vw, 1024px\" \/><\/figure>\n\n\n\n<div style=\"height:41px\" aria-hidden=\"true\" class=\"wp-block-spacer\"><\/div>\n\n\n\n<h2 class=\"wp-block-heading has-text-color has-link-color wp-elements-efee38c4a1cf8e6267b867770ba18189\" style=\"color:#f07373\"><strong>Bien-\u00eatre et pr\u00e9vention:<\/strong><\/h2>\n\n\n\n<p class=\"has-text-align-justify wp-block-paragraph\">La maternit\u00e9 est un bouleversement dans la vie d\u2019une femme. Pendant la grossesse elle subit les modifications hormonales, corporelles et \u00e9motionnelles. C&rsquo;est modifications sont normales et n\u00e9cessaires car elles pr\u00e9parent \u00e0 l&rsquo;accueil de leur b\u00e9b\u00e9. Pendant 9 mois, b\u00e9b\u00e9 et future maman s&rsquo;ac-corps-dent progressivement et la relation se tisse et prend corps. Une identit\u00e9 nouvelle se cr\u00e9e pour les parents au moment de la naissance de l&rsquo;enfant.<\/p>\n\n\n\n<p class=\"wp-block-paragraph\">La psychomotricit\u00e9 propose aux femmes enceintes un moment privil\u00e9gi\u00e9 pour elles ou pour \u00eatre avec le futur papa ou la future maman et pr\u00e9parer la venue de b\u00e9b\u00e9. Pour les accompagner dans ces remaniements psychocorporels et affiner les rep\u00e8res corporels en perp\u00e9tuels mouvement. des m\u00e9diations telles que la relaxation, le massage, la danse, le yoga,&#8230; pourront \u00eatre propos\u00e9es.<\/p>\n\n\n\n<div style=\"height:41px\" aria-hidden=\"true\" class=\"wp-block-spacer\"><\/div>\n\n\n\n<div class=\"wp-block-columns is-layout-flex wp-container-core-columns-is-layout-8f761849 wp-block-columns-is-layout-flex\">\n<div class=\"wp-block-column is-layout-flow wp-block-column-is-layout-flow\">\n<figure class=\"wp-block-image size-full\"><img loading=\"lazy\" decoding=\"async\" width=\"375\" height=\"250\" src=\"https:\/\/www.josset-psychomot.fr\/wp-content\/uploads\/2023\/09\/femme-enceinte-dos-edited.jpg\" alt=\"\" class=\"wp-image-516\" srcset=\"https:\/\/www.josset-psychomot.fr\/wp-content\/uploads\/2023\/09\/femme-enceinte-dos-edited.jpg 375w, https:\/\/www.josset-psychomot.fr\/wp-content\/uploads\/2023\/09\/femme-enceinte-dos-edited-300x200.jpg 300w\" sizes=\"auto, (max-width: 375px) 100vw, 375px\" \/><\/figure>\n<\/div>\n\n\n\n<div class=\"wp-block-column is-layout-flow wp-block-column-is-layout-flow\">\n<figure class=\"wp-block-image size-full\"><img loading=\"lazy\" decoding=\"async\" width=\"454\" height=\"302\" src=\"https:\/\/www.josset-psychomot.fr\/wp-content\/uploads\/2023\/09\/couple-grossesse.jpg\" alt=\"\" class=\"wp-image-514\" srcset=\"https:\/\/www.josset-psychomot.fr\/wp-content\/uploads\/2023\/09\/couple-grossesse.jpg 454w, https:\/\/www.josset-psychomot.fr\/wp-content\/uploads\/2023\/09\/couple-grossesse-300x200.jpg 300w\" sizes=\"auto, (max-width: 454px) 100vw, 454px\" \/><\/figure>\n<\/div>\n\n\n\n<div class=\"wp-block-column is-layout-flow wp-block-column-is-layout-flow\">\n<figure class=\"wp-block-image size-full\"><img loading=\"lazy\" decoding=\"async\" width=\"454\" height=\"302\" src=\"https:\/\/www.josset-psychomot.fr\/wp-content\/uploads\/2023\/09\/enceinte-ballon.jpg\" alt=\"\" class=\"wp-image-515\" srcset=\"https:\/\/www.josset-psychomot.fr\/wp-content\/uploads\/2023\/09\/enceinte-ballon.jpg 454w, https:\/\/www.josset-psychomot.fr\/wp-content\/uploads\/2023\/09\/enceinte-ballon-300x200.jpg 300w\" sizes=\"auto, (max-width: 454px) 100vw, 454px\" \/><\/figure>\n<\/div>\n<\/div>\n\n\n\n<div style=\"height:41px\" aria-hidden=\"true\" class=\"wp-block-spacer\"><\/div>\n\n\n\n<h2 class=\"wp-block-heading\">Prise en soin:<\/h2>\n\n\n\n<div class=\"wp-block-columns is-layout-flex wp-container-core-columns-is-layout-8f761849 wp-block-columns-is-layout-flex\">\n<div class=\"wp-block-column is-layout-flow wp-block-column-is-layout-flow\" style=\"flex-basis:66.66%\">\n<p class=\"has-text-align-justify wp-block-paragraph\">Pour certaines femmes, et cela est fr\u00e9quent, des difficult\u00e9s peuvent apparaitre telles que des angoisses (PMA, accouchement pr\u00e9matur\u00e9, \u2026), des somatisations, des difficult\u00e9s \u00e0 cr\u00e9er du lien et \u00e0 se projeter avec son b\u00e9b\u00e9 (grossesse non d\u00e9sir\u00e9e, annonce d\u2019un handicap, d\u00e9ni de grossesse, \u00e9v\u00e8nement familial,\u2026), une d\u00e9pression &#8230;.<\/p>\n\n\n\n<p class=\"has-text-align-justify wp-block-paragraph\">L&rsquo;approche psychomotrice a toute sa place dans l&rsquo;accompagnement du v\u00e9cu psychocorporel de la femme enceinte afin qu\u2019elle s\u2019approprie au mieux son corps, qu\u2019elle tisse le lien avec son b\u00e9b\u00e9, qu\u2019elle vive au mieux et dans les meilleures conditions sa grossesse. <\/p>\n\n\n\n<p class=\"has-text-align-justify wp-block-paragraph\">Un entretien pr\u00e9alable permettra au psychomotricien de mieux comprendre la situation et la probl\u00e9matique et ainsi de cibler des objectifs avec la future maman. Ils pourront d\u00e9terminer ensemble la ou les m\u00e9diations les plus adapt\u00e9es \u00e0 ses envies et \u00e0 ses besoins (relaxation, danse, yoga, gym douce,&#8230;) afin de (re)trouver un v\u00e9cu plus positif de ce parcours qu&rsquo;est la grossesse et ainsi \u00eatre pr\u00e9par\u00e9e au mieux \u00e0 l&rsquo;arriv\u00e9e de b\u00e9b\u00e9. <\/p>\n<\/div>\n\n\n\n<div class=\"wp-block-column is-layout-flow wp-block-column-is-layout-flow\" style=\"flex-basis:33.33%\">\n<figure class=\"wp-block-image size-full\"><img loading=\"lazy\" decoding=\"async\" width=\"375\" height=\"563\" src=\"https:\/\/www.josset-psychomot.fr\/wp-content\/uploads\/2023\/09\/enceinte.jpg\" alt=\"\" class=\"wp-image-517\" srcset=\"https:\/\/www.josset-psychomot.fr\/wp-content\/uploads\/2023\/09\/enceinte.jpg 375w, https:\/\/www.josset-psychomot.fr\/wp-content\/uploads\/2023\/09\/enceinte-200x300.jpg 200w\" sizes=\"auto, (max-width: 375px) 100vw, 375px\" \/><\/figure>\n<\/div>\n<\/div>\n\n\n\n<div style=\"height:41px\" aria-hidden=\"true\" class=\"wp-block-spacer\"><\/div>\n","protected":false},"excerpt":{"rendered":"<p>Psychomotricit\u00e9 aupr\u00e8s des femmes enceintes Bien-\u00eatre et pr\u00e9vention: La maternit\u00e9 est un bouleversement dans la vie d\u2019une femme. Pendant la grossesse elle subit les modifications hormonales, corporelles et \u00e9motionnelles. C&rsquo;est modifications sont normales et n\u00e9cessaires car elles pr\u00e9parent \u00e0 l&rsquo;accueil de leur b\u00e9b\u00e9. Pendant 9 mois, b\u00e9b\u00e9 et future maman s&rsquo;ac-corps-dent progressivement et la relation [&hellip;]<\/p>\n","protected":false},"author":3,"featured_media":0,"parent":0,"menu_order":0,"comment_status":"closed","ping_status":"closed","template":"","meta":{"_crdt_document":"","_monsterinsights_skip_tracking":false,"_monsterinsights_sitenote_active":false,"_monsterinsights_sitenote_note":"","_monsterinsights_sitenote_category":0,"footnotes":""},"class_list":["post-125","page","type-page","status-publish","hentry","entry"],"yoast_head":"<!-- This site is optimized with the Yoast SEO plugin v27.4 - https:\/\/yoast.com\/product\/yoast-seo-wordpress\/ -->\n<title>Les femmes enceintes - Morgane Josset psychomotricienne \u00e0 Caen<\/title>\n<meta name=\"robots\" content=\"index, follow, max-snippet:-1, max-image-preview:large, max-video-preview:-1\" \/>\n<link rel=\"canonical\" href=\"https:\/\/www.josset-psychomot.fr\/?page_id=125\" \/>\n<meta property=\"og:locale\" content=\"fr_FR\" \/>\n<meta property=\"og:type\" content=\"article\" \/>\n<meta property=\"og:title\" content=\"Les femmes enceintes - Morgane Josset psychomotricienne \u00e0 Caen\" \/>\n<meta property=\"og:description\" content=\"Psychomotricit\u00e9 aupr\u00e8s des femmes enceintes Bien-\u00eatre et pr\u00e9vention: La maternit\u00e9 est un bouleversement dans la vie d\u2019une femme. Pendant la grossesse elle subit les modifications hormonales, corporelles et \u00e9motionnelles. C&rsquo;est modifications sont normales et n\u00e9cessaires car elles pr\u00e9parent \u00e0 l&rsquo;accueil de leur b\u00e9b\u00e9. Pendant 9 mois, b\u00e9b\u00e9 et future maman s&rsquo;ac-corps-dent progressivement et la relation [&hellip;]\" \/>\n<meta property=\"og:url\" content=\"https:\/\/www.josset-psychomot.fr\/?page_id=125\" \/>\n<meta property=\"og:site_name\" content=\"Morgane Josset psychomotricienne \u00e0 Caen\" \/>\n<meta property=\"article:modified_time\" content=\"2023-09-22T09:24:05+00:00\" \/>\n<meta property=\"og:image\" content=\"https:\/\/www.josset-psychomot.fr\/wp-content\/uploads\/2023\/09\/femme-enceinte-1024x288.jpg\" \/>\n<meta name=\"twitter:card\" content=\"summary_large_image\" \/>\n<meta name=\"twitter:label1\" content=\"Dur\u00e9e de lecture estim\u00e9e\" \/>\n\t<meta name=\"twitter:data1\" content=\"3 minutes\" \/>\n<script type=\"application\/ld+json\" class=\"yoast-schema-graph\">{\"@context\":\"https:\\\/\\\/schema.org\",\"@graph\":[{\"@type\":\"WebPage\",\"@id\":\"https:\\\/\\\/www.josset-psychomot.fr\\\/?page_id=125\",\"url\":\"https:\\\/\\\/www.josset-psychomot.fr\\\/?page_id=125\",\"name\":\"Les femmes enceintes - Morgane Josset psychomotricienne \u00e0 Caen\",\"isPartOf\":{\"@id\":\"https:\\\/\\\/www.josset-psychomot.fr\\\/#website\"},\"primaryImageOfPage\":{\"@id\":\"https:\\\/\\\/www.josset-psychomot.fr\\\/?page_id=125#primaryimage\"},\"image\":{\"@id\":\"https:\\\/\\\/www.josset-psychomot.fr\\\/?page_id=125#primaryimage\"},\"thumbnailUrl\":\"https:\\\/\\\/www.josset-psychomot.fr\\\/wp-content\\\/uploads\\\/2023\\\/09\\\/femme-enceinte-1024x288.jpg\",\"datePublished\":\"2023-08-08T12:32:15+00:00\",\"dateModified\":\"2023-09-22T09:24:05+00:00\",\"breadcrumb\":{\"@id\":\"https:\\\/\\\/www.josset-psychomot.fr\\\/?page_id=125#breadcrumb\"},\"inLanguage\":\"fr-FR\",\"potentialAction\":[{\"@type\":\"ReadAction\",\"target\":[\"https:\\\/\\\/www.josset-psychomot.fr\\\/?page_id=125\"]}]},{\"@type\":\"ImageObject\",\"inLanguage\":\"fr-FR\",\"@id\":\"https:\\\/\\\/www.josset-psychomot.fr\\\/?page_id=125#primaryimage\",\"url\":\"https:\\\/\\\/www.josset-psychomot.fr\\\/wp-content\\\/uploads\\\/2023\\\/09\\\/femme-enceinte.jpg\",\"contentUrl\":\"https:\\\/\\\/www.josset-psychomot.fr\\\/wp-content\\\/uploads\\\/2023\\\/09\\\/femme-enceinte.jpg\",\"width\":1280,\"height\":360,\"caption\":\"Accompagnement psychomoteur de la femme enceinte.\"},{\"@type\":\"BreadcrumbList\",\"@id\":\"https:\\\/\\\/www.josset-psychomot.fr\\\/?page_id=125#breadcrumb\",\"itemListElement\":[{\"@type\":\"ListItem\",\"position\":1,\"name\":\"Accueil\",\"item\":\"https:\\\/\\\/www.josset-psychomot.fr\\\/\"},{\"@type\":\"ListItem\",\"position\":2,\"name\":\"Les femmes enceintes\"}]},{\"@type\":\"WebSite\",\"@id\":\"https:\\\/\\\/www.josset-psychomot.fr\\\/#website\",\"url\":\"https:\\\/\\\/www.josset-psychomot.fr\\\/\",\"name\":\"Morgane Josset psychomotricienne \u00e0 Caen\",\"description\":\"\",\"publisher\":{\"@id\":\"https:\\\/\\\/www.josset-psychomot.fr\\\/#organization\"},\"potentialAction\":[{\"@type\":\"SearchAction\",\"target\":{\"@type\":\"EntryPoint\",\"urlTemplate\":\"https:\\\/\\\/www.josset-psychomot.fr\\\/?s={search_term_string}\"},\"query-input\":{\"@type\":\"PropertyValueSpecification\",\"valueRequired\":true,\"valueName\":\"search_term_string\"}}],\"inLanguage\":\"fr-FR\"},{\"@type\":\"Organization\",\"@id\":\"https:\\\/\\\/www.josset-psychomot.fr\\\/#organization\",\"name\":\"Morgane Josset psychomotricienne \u00e0 Caen\",\"url\":\"https:\\\/\\\/www.josset-psychomot.fr\\\/\",\"logo\":{\"@type\":\"ImageObject\",\"inLanguage\":\"fr-FR\",\"@id\":\"https:\\\/\\\/www.josset-psychomot.fr\\\/#\\\/schema\\\/logo\\\/image\\\/\",\"url\":\"https:\\\/\\\/www.josset-psychomot.fr\\\/wp-content\\\/uploads\\\/2024\\\/09\\\/cropped-logo-site-2.jpg\",\"contentUrl\":\"https:\\\/\\\/www.josset-psychomot.fr\\\/wp-content\\\/uploads\\\/2024\\\/09\\\/cropped-logo-site-2.jpg\",\"width\":1067,\"height\":863,\"caption\":\"Morgane Josset psychomotricienne \u00e0 Caen\"},\"image\":{\"@id\":\"https:\\\/\\\/www.josset-psychomot.fr\\\/#\\\/schema\\\/logo\\\/image\\\/\"}}]}<\/script>\n<!-- \/ Yoast SEO plugin. -->","yoast_head_json":{"title":"Les femmes enceintes - Morgane Josset psychomotricienne \u00e0 Caen","robots":{"index":"index","follow":"follow","max-snippet":"max-snippet:-1","max-image-preview":"max-image-preview:large","max-video-preview":"max-video-preview:-1"},"canonical":"https:\/\/www.josset-psychomot.fr\/?page_id=125","og_locale":"fr_FR","og_type":"article","og_title":"Les femmes enceintes - Morgane Josset psychomotricienne \u00e0 Caen","og_description":"Psychomotricit\u00e9 aupr\u00e8s des femmes enceintes Bien-\u00eatre et pr\u00e9vention: La maternit\u00e9 est un bouleversement dans la vie d\u2019une femme. Pendant la grossesse elle subit les modifications hormonales, corporelles et \u00e9motionnelles. C&rsquo;est modifications sont normales et n\u00e9cessaires car elles pr\u00e9parent \u00e0 l&rsquo;accueil de leur b\u00e9b\u00e9. Pendant 9 mois, b\u00e9b\u00e9 et future maman s&rsquo;ac-corps-dent progressivement et la relation [&hellip;]","og_url":"https:\/\/www.josset-psychomot.fr\/?page_id=125","og_site_name":"Morgane Josset psychomotricienne \u00e0 Caen","article_modified_time":"2023-09-22T09:24:05+00:00","og_image":[{"url":"https:\/\/www.josset-psychomot.fr\/wp-content\/uploads\/2023\/09\/femme-enceinte-1024x288.jpg","type":"","width":"","height":""}],"twitter_card":"summary_large_image","twitter_misc":{"Dur\u00e9e de lecture estim\u00e9e":"3 minutes"},"schema":{"@context":"https:\/\/schema.org","@graph":[{"@type":"WebPage","@id":"https:\/\/www.josset-psychomot.fr\/?page_id=125","url":"https:\/\/www.josset-psychomot.fr\/?page_id=125","name":"Les femmes enceintes - Morgane Josset psychomotricienne \u00e0 Caen","isPartOf":{"@id":"https:\/\/www.josset-psychomot.fr\/#website"},"primaryImageOfPage":{"@id":"https:\/\/www.josset-psychomot.fr\/?page_id=125#primaryimage"},"image":{"@id":"https:\/\/www.josset-psychomot.fr\/?page_id=125#primaryimage"},"thumbnailUrl":"https:\/\/www.josset-psychomot.fr\/wp-content\/uploads\/2023\/09\/femme-enceinte-1024x288.jpg","datePublished":"2023-08-08T12:32:15+00:00","dateModified":"2023-09-22T09:24:05+00:00","breadcrumb":{"@id":"https:\/\/www.josset-psychomot.fr\/?page_id=125#breadcrumb"},"inLanguage":"fr-FR","potentialAction":[{"@type":"ReadAction","target":["https:\/\/www.josset-psychomot.fr\/?page_id=125"]}]},{"@type":"ImageObject","inLanguage":"fr-FR","@id":"https:\/\/www.josset-psychomot.fr\/?page_id=125#primaryimage","url":"https:\/\/www.josset-psychomot.fr\/wp-content\/uploads\/2023\/09\/femme-enceinte.jpg","contentUrl":"https:\/\/www.josset-psychomot.fr\/wp-content\/uploads\/2023\/09\/femme-enceinte.jpg","width":1280,"height":360,"caption":"Accompagnement psychomoteur de la femme enceinte."},{"@type":"BreadcrumbList","@id":"https:\/\/www.josset-psychomot.fr\/?page_id=125#breadcrumb","itemListElement":[{"@type":"ListItem","position":1,"name":"Accueil","item":"https:\/\/www.josset-psychomot.fr\/"},{"@type":"ListItem","position":2,"name":"Les femmes enceintes"}]},{"@type":"WebSite","@id":"https:\/\/www.josset-psychomot.fr\/#website","url":"https:\/\/www.josset-psychomot.fr\/","name":"Morgane Josset psychomotricienne \u00e0 Caen","description":"","publisher":{"@id":"https:\/\/www.josset-psychomot.fr\/#organization"},"potentialAction":[{"@type":"SearchAction","target":{"@type":"EntryPoint","urlTemplate":"https:\/\/www.josset-psychomot.fr\/?s={search_term_string}"},"query-input":{"@type":"PropertyValueSpecification","valueRequired":true,"valueName":"search_term_string"}}],"inLanguage":"fr-FR"},{"@type":"Organization","@id":"https:\/\/www.josset-psychomot.fr\/#organization","name":"Morgane Josset psychomotricienne \u00e0 Caen","url":"https:\/\/www.josset-psychomot.fr\/","logo":{"@type":"ImageObject","inLanguage":"fr-FR","@id":"https:\/\/www.josset-psychomot.fr\/#\/schema\/logo\/image\/","url":"https:\/\/www.josset-psychomot.fr\/wp-content\/uploads\/2024\/09\/cropped-logo-site-2.jpg","contentUrl":"https:\/\/www.josset-psychomot.fr\/wp-content\/uploads\/2024\/09\/cropped-logo-site-2.jpg","width":1067,"height":863,"caption":"Morgane Josset psychomotricienne \u00e0 Caen"},"image":{"@id":"https:\/\/www.josset-psychomot.fr\/#\/schema\/logo\/image\/"}}]}},"jetpack_sharing_enabled":true,"_links":{"self":[{"href":"https:\/\/www.josset-psychomot.fr\/index.php?rest_route=\/wp\/v2\/pages\/125","targetHints":{"allow":["GET"]}}],"collection":[{"href":"https:\/\/www.josset-psychomot.fr\/index.php?rest_route=\/wp\/v2\/pages"}],"about":[{"href":"https:\/\/www.josset-psychomot.fr\/index.php?rest_route=\/wp\/v2\/types\/page"}],"author":[{"embeddable":true,"href":"https:\/\/www.josset-psychomot.fr\/index.php?rest_route=\/wp\/v2\/users\/3"}],"replies":[{"embeddable":true,"href":"https:\/\/www.josset-psychomot.fr\/index.php?rest_route=%2Fwp%2Fv2%2Fcomments&post=125"}],"version-history":[{"count":9,"href":"https:\/\/www.josset-psychomot.fr\/index.php?rest_route=\/wp\/v2\/pages\/125\/revisions"}],"predecessor-version":[{"id":520,"href":"https:\/\/www.josset-psychomot.fr\/index.php?rest_route=\/wp\/v2\/pages\/125\/revisions\/520"}],"wp:attachment":[{"href":"https:\/\/www.josset-psychomot.fr\/index.php?rest_route=%2Fwp%2Fv2%2Fmedia&parent=125"}],"curies":[{"name":"wp","href":"https:\/\/api.w.org\/{rel}","templated":true}]}}