{"id":191,"date":"2023-08-28T22:15:30","date_gmt":"2023-08-28T20:15:30","guid":{"rendered":"https:\/\/www.josset-psychomot.fr\/?page_id=191"},"modified":"2023-09-21T14:08:30","modified_gmt":"2023-09-21T12:08:30","slug":"suivi-individuel","status":"publish","type":"page","link":"https:\/\/www.josset-psychomot.fr\/?page_id=191","title":{"rendered":"S\u00e9ance individuelle"},"content":{"rendered":"\n<div class=\"wp-block-columns is-layout-flex wp-container-core-columns-is-layout-8f761849 wp-block-columns-is-layout-flex\">\n<div class=\"wp-block-column is-layout-flow wp-block-column-is-layout-flow\">\n<h2 class=\"wp-block-heading has-text-align-center has-text-color has-link-color wp-elements-7fe602e4bd70b15688b74dc8193fe21b\" style=\"color:#f07373\"><a href=\"https:\/\/www.josset-psychomot.fr\/?page_id=121\">Les b\u00e9b\u00e9s et jeunes enfants<\/a><\/h2>\n\n\n\n<figure class=\"wp-block-image size-full\"><img loading=\"lazy\" decoding=\"async\" width=\"407\" height=\"563\" src=\"https:\/\/www.josset-psychomot.fr\/wp-content\/uploads\/2023\/09\/massage-bebe.jpg\" alt=\"\" class=\"wp-image-322\" srcset=\"https:\/\/www.josset-psychomot.fr\/wp-content\/uploads\/2023\/09\/massage-bebe.jpg 407w, https:\/\/www.josset-psychomot.fr\/wp-content\/uploads\/2023\/09\/massage-bebe-217x300.jpg 217w\" sizes=\"auto, (max-width: 407px) 100vw, 407px\" \/><\/figure>\n<\/div>\n\n\n\n<div class=\"wp-block-column is-layout-flow wp-block-column-is-layout-flow\">\n<h2 class=\"wp-block-heading has-text-align-center has-text-color has-link-color wp-elements-ac922ac89b5491b5e380f1d9d9cd30ab\" style=\"color:#f07373\"><a href=\"https:\/\/www.josset-psychomot.fr\/?page_id=125\">Les femmes enceintes<\/a><\/h2>\n\n\n\n<figure class=\"wp-block-image size-large is-resized\"><img loading=\"lazy\" decoding=\"async\" width=\"270\" height=\"360\" src=\"https:\/\/www.josset-psychomot.fr\/wp-content\/uploads\/2023\/09\/femme-enceinte-edited.jpg\" alt=\"\" class=\"wp-image-422\" style=\"width:272px;height:auto\" srcset=\"https:\/\/www.josset-psychomot.fr\/wp-content\/uploads\/2023\/09\/femme-enceinte-edited.jpg 270w, https:\/\/www.josset-psychomot.fr\/wp-content\/uploads\/2023\/09\/femme-enceinte-edited-225x300.jpg 225w\" sizes=\"auto, (max-width: 270px) 100vw, 270px\" \/><\/figure>\n<\/div>\n\n\n\n<div class=\"wp-block-column is-layout-flow wp-block-column-is-layout-flow\">\n<h2 class=\"wp-block-heading has-text-align-center has-text-color has-link-color wp-elements-684d2761c14c42aec4efdf7a566f1261\" style=\"color:#f07373\"><a href=\"https:\/\/www.josset-psychomot.fr\/?page_id=127\">Les jeunes mamans<\/a><\/h2>\n\n\n\n<figure class=\"wp-block-image size-full is-resized\"><img loading=\"lazy\" decoding=\"async\" width=\"227\" height=\"302\" src=\"https:\/\/www.josset-psychomot.fr\/wp-content\/uploads\/2023\/09\/post-partum-edited.jpg\" alt=\"\" class=\"wp-image-423\" style=\"width:271px;height:auto\" srcset=\"https:\/\/www.josset-psychomot.fr\/wp-content\/uploads\/2023\/09\/post-partum-edited.jpg 227w, https:\/\/www.josset-psychomot.fr\/wp-content\/uploads\/2023\/09\/post-partum-edited-225x300.jpg 225w\" sizes=\"auto, (max-width: 227px) 100vw, 227px\" \/><\/figure>\n<\/div>\n<\/div>\n","protected":false},"excerpt":{"rendered":"<p>Les b\u00e9b\u00e9s et jeunes enfants Les femmes enceintes Les jeunes mamans<\/p>\n","protected":false},"author":3,"featured_media":0,"parent":0,"menu_order":0,"comment_status":"closed","ping_status":"closed","template":"","meta":{"_crdt_document":"","_monsterinsights_skip_tracking":false,"_monsterinsights_sitenote_active":false,"_monsterinsights_sitenote_note":"","_monsterinsights_sitenote_category":0,"footnotes":""},"class_list":["post-191","page","type-page","status-publish","hentry","entry"],"yoast_head":"<!-- This site is optimized with the Yoast SEO plugin v27.4 - https:\/\/yoast.com\/product\/yoast-seo-wordpress\/ -->\n<title>S\u00e9ance individuelle - Morgane Josset psychomotricienne \u00e0 Caen<\/title>\n<meta name=\"robots\" content=\"index, follow, max-snippet:-1, max-image-preview:large, max-video-preview:-1\" \/>\n<link rel=\"canonical\" href=\"https:\/\/www.josset-psychomot.fr\/?page_id=191\" \/>\n<meta property=\"og:locale\" content=\"fr_FR\" \/>\n<meta property=\"og:type\" content=\"article\" \/>\n<meta property=\"og:title\" content=\"S\u00e9ance individuelle - Morgane Josset psychomotricienne \u00e0 Caen\" \/>\n<meta property=\"og:description\" content=\"Les b\u00e9b\u00e9s et jeunes enfants Les femmes enceintes Les jeunes mamans\" \/>\n<meta property=\"og:url\" content=\"https:\/\/www.josset-psychomot.fr\/?page_id=191\" \/>\n<meta property=\"og:site_name\" content=\"Morgane Josset psychomotricienne \u00e0 Caen\" \/>\n<meta property=\"article:modified_time\" content=\"2023-09-21T12:08:30+00:00\" \/>\n<meta property=\"og:image\" content=\"https:\/\/www.josset-psychomot.fr\/wp-content\/uploads\/2023\/09\/massage-bebe.jpg\" \/>\n<meta name=\"twitter:card\" content=\"summary_large_image\" \/>\n<meta name=\"twitter:label1\" content=\"Dur\u00e9e de lecture estim\u00e9e\" \/>\n\t<meta name=\"twitter:data1\" content=\"1 minute\" \/>\n<script type=\"application\/ld+json\" class=\"yoast-schema-graph\">{\"@context\":\"https:\\\/\\\/schema.org\",\"@graph\":[{\"@type\":\"WebPage\",\"@id\":\"https:\\\/\\\/www.josset-psychomot.fr\\\/?page_id=191\",\"url\":\"https:\\\/\\\/www.josset-psychomot.fr\\\/?page_id=191\",\"name\":\"S\u00e9ance individuelle - Morgane Josset psychomotricienne \u00e0 Caen\",\"isPartOf\":{\"@id\":\"https:\\\/\\\/www.josset-psychomot.fr\\\/#website\"},\"primaryImageOfPage\":{\"@id\":\"https:\\\/\\\/www.josset-psychomot.fr\\\/?page_id=191#primaryimage\"},\"image\":{\"@id\":\"https:\\\/\\\/www.josset-psychomot.fr\\\/?page_id=191#primaryimage\"},\"thumbnailUrl\":\"https:\\\/\\\/www.josset-psychomot.fr\\\/wp-content\\\/uploads\\\/2023\\\/09\\\/massage-bebe.jpg\",\"datePublished\":\"2023-08-28T20:15:30+00:00\",\"dateModified\":\"2023-09-21T12:08:30+00:00\",\"breadcrumb\":{\"@id\":\"https:\\\/\\\/www.josset-psychomot.fr\\\/?page_id=191#breadcrumb\"},\"inLanguage\":\"fr-FR\",\"potentialAction\":[{\"@type\":\"ReadAction\",\"target\":[\"https:\\\/\\\/www.josset-psychomot.fr\\\/?page_id=191\"]}]},{\"@type\":\"ImageObject\",\"inLanguage\":\"fr-FR\",\"@id\":\"https:\\\/\\\/www.josset-psychomot.fr\\\/?page_id=191#primaryimage\",\"url\":\"https:\\\/\\\/www.josset-psychomot.fr\\\/wp-content\\\/uploads\\\/2023\\\/09\\\/massage-bebe.jpg\",\"contentUrl\":\"https:\\\/\\\/www.josset-psychomot.fr\\\/wp-content\\\/uploads\\\/2023\\\/09\\\/massage-bebe.jpg\",\"width\":407,\"height\":563,\"caption\":\"Accompagnement psychomoteur du nourrisson et nouveau n\u00e9.\"},{\"@type\":\"BreadcrumbList\",\"@id\":\"https:\\\/\\\/www.josset-psychomot.fr\\\/?page_id=191#breadcrumb\",\"itemListElement\":[{\"@type\":\"ListItem\",\"position\":1,\"name\":\"Accueil\",\"item\":\"https:\\\/\\\/www.josset-psychomot.fr\\\/\"},{\"@type\":\"ListItem\",\"position\":2,\"name\":\"S\u00e9ance individuelle\"}]},{\"@type\":\"WebSite\",\"@id\":\"https:\\\/\\\/www.josset-psychomot.fr\\\/#website\",\"url\":\"https:\\\/\\\/www.josset-psychomot.fr\\\/\",\"name\":\"Morgane Josset psychomotricienne \u00e0 Caen\",\"description\":\"\",\"publisher\":{\"@id\":\"https:\\\/\\\/www.josset-psychomot.fr\\\/#organization\"},\"potentialAction\":[{\"@type\":\"SearchAction\",\"target\":{\"@type\":\"EntryPoint\",\"urlTemplate\":\"https:\\\/\\\/www.josset-psychomot.fr\\\/?s={search_term_string}\"},\"query-input\":{\"@type\":\"PropertyValueSpecification\",\"valueRequired\":true,\"valueName\":\"search_term_string\"}}],\"inLanguage\":\"fr-FR\"},{\"@type\":\"Organization\",\"@id\":\"https:\\\/\\\/www.josset-psychomot.fr\\\/#organization\",\"name\":\"Morgane Josset psychomotricienne \u00e0 Caen\",\"url\":\"https:\\\/\\\/www.josset-psychomot.fr\\\/\",\"logo\":{\"@type\":\"ImageObject\",\"inLanguage\":\"fr-FR\",\"@id\":\"https:\\\/\\\/www.josset-psychomot.fr\\\/#\\\/schema\\\/logo\\\/image\\\/\",\"url\":\"https:\\\/\\\/www.josset-psychomot.fr\\\/wp-content\\\/uploads\\\/2024\\\/09\\\/cropped-logo-site-2.jpg\",\"contentUrl\":\"https:\\\/\\\/www.josset-psychomot.fr\\\/wp-content\\\/uploads\\\/2024\\\/09\\\/cropped-logo-site-2.jpg\",\"width\":1067,\"height\":863,\"caption\":\"Morgane Josset psychomotricienne \u00e0 Caen\"},\"image\":{\"@id\":\"https:\\\/\\\/www.josset-psychomot.fr\\\/#\\\/schema\\\/logo\\\/image\\\/\"}}]}<\/script>\n<!-- \/ Yoast SEO plugin. -->","yoast_head_json":{"title":"S\u00e9ance individuelle - Morgane Josset psychomotricienne \u00e0 Caen","robots":{"index":"index","follow":"follow","max-snippet":"max-snippet:-1","max-image-preview":"max-image-preview:large","max-video-preview":"max-video-preview:-1"},"canonical":"https:\/\/www.josset-psychomot.fr\/?page_id=191","og_locale":"fr_FR","og_type":"article","og_title":"S\u00e9ance individuelle - Morgane Josset psychomotricienne \u00e0 Caen","og_description":"Les b\u00e9b\u00e9s et jeunes enfants Les femmes enceintes Les jeunes mamans","og_url":"https:\/\/www.josset-psychomot.fr\/?page_id=191","og_site_name":"Morgane Josset psychomotricienne \u00e0 Caen","article_modified_time":"2023-09-21T12:08:30+00:00","og_image":[{"url":"https:\/\/www.josset-psychomot.fr\/wp-content\/uploads\/2023\/09\/massage-bebe.jpg","type":"","width":"","height":""}],"twitter_card":"summary_large_image","twitter_misc":{"Dur\u00e9e de lecture estim\u00e9e":"1 minute"},"schema":{"@context":"https:\/\/schema.org","@graph":[{"@type":"WebPage","@id":"https:\/\/www.josset-psychomot.fr\/?page_id=191","url":"https:\/\/www.josset-psychomot.fr\/?page_id=191","name":"S\u00e9ance individuelle - Morgane Josset psychomotricienne \u00e0 Caen","isPartOf":{"@id":"https:\/\/www.josset-psychomot.fr\/#website"},"primaryImageOfPage":{"@id":"https:\/\/www.josset-psychomot.fr\/?page_id=191#primaryimage"},"image":{"@id":"https:\/\/www.josset-psychomot.fr\/?page_id=191#primaryimage"},"thumbnailUrl":"https:\/\/www.josset-psychomot.fr\/wp-content\/uploads\/2023\/09\/massage-bebe.jpg","datePublished":"2023-08-28T20:15:30+00:00","dateModified":"2023-09-21T12:08:30+00:00","breadcrumb":{"@id":"https:\/\/www.josset-psychomot.fr\/?page_id=191#breadcrumb"},"inLanguage":"fr-FR","potentialAction":[{"@type":"ReadAction","target":["https:\/\/www.josset-psychomot.fr\/?page_id=191"]}]},{"@type":"ImageObject","inLanguage":"fr-FR","@id":"https:\/\/www.josset-psychomot.fr\/?page_id=191#primaryimage","url":"https:\/\/www.josset-psychomot.fr\/wp-content\/uploads\/2023\/09\/massage-bebe.jpg","contentUrl":"https:\/\/www.josset-psychomot.fr\/wp-content\/uploads\/2023\/09\/massage-bebe.jpg","width":407,"height":563,"caption":"Accompagnement psychomoteur du nourrisson et nouveau n\u00e9."},{"@type":"BreadcrumbList","@id":"https:\/\/www.josset-psychomot.fr\/?page_id=191#breadcrumb","itemListElement":[{"@type":"ListItem","position":1,"name":"Accueil","item":"https:\/\/www.josset-psychomot.fr\/"},{"@type":"ListItem","position":2,"name":"S\u00e9ance individuelle"}]},{"@type":"WebSite","@id":"https:\/\/www.josset-psychomot.fr\/#website","url":"https:\/\/www.josset-psychomot.fr\/","name":"Morgane Josset psychomotricienne \u00e0 Caen","description":"","publisher":{"@id":"https:\/\/www.josset-psychomot.fr\/#organization"},"potentialAction":[{"@type":"SearchAction","target":{"@type":"EntryPoint","urlTemplate":"https:\/\/www.josset-psychomot.fr\/?s={search_term_string}"},"query-input":{"@type":"PropertyValueSpecification","valueRequired":true,"valueName":"search_term_string"}}],"inLanguage":"fr-FR"},{"@type":"Organization","@id":"https:\/\/www.josset-psychomot.fr\/#organization","name":"Morgane Josset psychomotricienne \u00e0 Caen","url":"https:\/\/www.josset-psychomot.fr\/","logo":{"@type":"ImageObject","inLanguage":"fr-FR","@id":"https:\/\/www.josset-psychomot.fr\/#\/schema\/logo\/image\/","url":"https:\/\/www.josset-psychomot.fr\/wp-content\/uploads\/2024\/09\/cropped-logo-site-2.jpg","contentUrl":"https:\/\/www.josset-psychomot.fr\/wp-content\/uploads\/2024\/09\/cropped-logo-site-2.jpg","width":1067,"height":863,"caption":"Morgane Josset psychomotricienne \u00e0 Caen"},"image":{"@id":"https:\/\/www.josset-psychomot.fr\/#\/schema\/logo\/image\/"}}]}},"jetpack_sharing_enabled":true,"_links":{"self":[{"href":"https:\/\/www.josset-psychomot.fr\/index.php?rest_route=\/wp\/v2\/pages\/191","targetHints":{"allow":["GET"]}}],"collection":[{"href":"https:\/\/www.josset-psychomot.fr\/index.php?rest_route=\/wp\/v2\/pages"}],"about":[{"href":"https:\/\/www.josset-psychomot.fr\/index.php?rest_route=\/wp\/v2\/types\/page"}],"author":[{"embeddable":true,"href":"https:\/\/www.josset-psychomot.fr\/index.php?rest_route=\/wp\/v2\/users\/3"}],"replies":[{"embeddable":true,"href":"https:\/\/www.josset-psychomot.fr\/index.php?rest_route=%2Fwp%2Fv2%2Fcomments&post=191"}],"version-history":[{"count":3,"href":"https:\/\/www.josset-psychomot.fr\/index.php?rest_route=\/wp\/v2\/pages\/191\/revisions"}],"predecessor-version":[{"id":424,"href":"https:\/\/www.josset-psychomot.fr\/index.php?rest_route=\/wp\/v2\/pages\/191\/revisions\/424"}],"wp:attachment":[{"href":"https:\/\/www.josset-psychomot.fr\/index.php?rest_route=%2Fwp%2Fv2%2Fmedia&parent=191"}],"curies":[{"name":"wp","href":"https:\/\/api.w.org\/{rel}","templated":true}]}}