{"id":48,"date":"2023-08-06T00:14:18","date_gmt":"2023-08-05T22:14:18","guid":{"rendered":"https:\/\/www.josset-psychomot.fr\/?page_id=48"},"modified":"2025-01-27T12:00:23","modified_gmt":"2025-01-27T10:00:23","slug":"tarifs-remboursement","status":"publish","type":"page","link":"https:\/\/www.josset-psychomot.fr\/?page_id=48","title":{"rendered":"Tarifs et remboursements"},"content":{"rendered":"\n<h2 class=\"wp-block-heading\">Tarifs<\/h2>\n\n\n\n<h4 class=\"wp-block-heading\">Bilan psychomoteur:<\/h4>\n\n\n\n<ul class=\"wp-block-list\"><\/ul>\n\n\n\n<ul class=\"wp-block-list\">\n<li>Bilan psychomoteur 0-15 mois: <strong>150 \u20ac<\/strong> \n<ul class=\"wp-block-list\">\n<li><em>Cela comprend une s\u00e9ance d&rsquo;entretien, une \u00e0 deux s\u00e9ances d&rsquo;\u00e9valuation et un retour oral et \u00e9crit aux parents. Compter 30 \u00e0 45 minutes par rendez-vous<\/em>).<\/li>\n<\/ul>\n<\/li>\n\n\n\n<li>Bilan psychomoteur 16-35 mois: <strong>180 \u20ac<\/strong>\n<ul class=\"wp-block-list\">\n<li><em>Cela comprend une s\u00e9ance d&rsquo;entretien, deux \u00e0 trois s\u00e9ances d&rsquo;\u00e9valuation et un retour oral et \u00e9crit aux parents. Compter 45 \u00e0 60 minutes par rendez-vous.<\/em><\/li>\n<\/ul>\n<\/li>\n\n\n\n<li>Bilan psychomoteur 3 \u00e0 5 ans: <strong>210 \u20ac<\/strong>\u2003\u2003\u2003\u2003\u2003\u2003\u2003\u2003\u2003\u2003\u2003\u2003\u2003\u2003\u2003\u2003\u2003\u2003\u2003\u2003\u2003\u2003\u2003\u2003\u2003\u2003\u2003\u2003\u2003\u2003\u2003\u2003\u2003\u2003\u2003\u2003\u2003\u2003\u2003\u2003\n<ul class=\"wp-block-list\">\n<li><em>Cela  comprend<\/em> <em>un entretien, trois s\u00e9ances d\u2019\u00e9valuation et un retour oral et \u00e9crit aux parents<\/em>. <em>Compter 45 minutes \u00e0 1h00 par rendez-vous<\/em>.<\/li>\n<\/ul>\n<\/li>\n\n\n\n<li>Bilan psychomoteur \u00e0 partir de 6 ans: <strong>240 \u20ac<\/strong><em> <\/em>\n<ul class=\"wp-block-list\">\n<li><em>Cela comprend un entretien, trois s\u00e9ances d&rsquo;\u00e9valuation et un retour oral et \u00e9crit aux parents. Compter 1h par rendez-vous.<\/em><\/li>\n<\/ul>\n<\/li>\n<\/ul>\n\n\n\n<h4 class=\"wp-block-heading\">S\u00e9ance individuelle:<\/h4>\n\n\n\n<ul class=\"wp-block-list\">\n<li>Suivi individuel: 45 \u20ac <em>(40 minutes)<\/em><\/li>\n\n\n\n<li>Consultation \u00ab\u00a0b\u00e9b\u00e9 conseil\u00a0\u00bb : 60 \u20ac <em>(45 \u00e0 60 minutes)<\/em><\/li>\n\n\n\n<li>Consultation \u00ab\u00a0maternit\u00e9\u00a0\u00bb: 60 \u20ac (1h)<\/li>\n<\/ul>\n\n\n\n<h4 class=\"wp-block-heading\">Ateliers:<\/h4>\n\n\n\n<ul class=\"wp-block-list\">\n<li>Cr\u00e8che ou autre prestation: me contacter pour un devis.<\/li>\n<\/ul>\n\n\n\n<h2 class=\"wp-block-heading\">Les remboursements possibles<\/h2>\n\n\n\n<p class=\"wp-block-paragraph\">Malgr\u00e9 le fait que la prescription m\u00e9dicale soit obligatoire pour b\u00e9n\u00e9ficier de psychomotricit\u00e9, le bilan et les s\u00e9ances de soin psychomoteur ne sont pas rembours\u00e9s par la s\u00e9curit\u00e9 sociale. Cependant certaines alternatives existent pour vous aider \u00e0 financer les soins en psychomotricit\u00e9.<\/p>\n\n\n\n<ul class=\"wp-block-list\">\n<li>Les aides du calvados: le <a href=\"https:\/\/rsva.fr\/etre-accompagne\/pole-de-competences-et-de-prestations-externalisees\/\" target=\"_blank\" rel=\"noreferrer noopener\">RSVA<\/a>, <a href=\"https:\/\/rsva.fr\/s-informer-sur-les-differentes-situations-de-handicap\/vie-quotidienne\/la-mdph\/\" target=\"_blank\" rel=\"noreferrer noopener\">la Maison D\u00e9partementale de Personnes en situation de Handicap (MDPH)<\/a> et <a href=\"https:\/\/mialaret.asso.fr\/pco-structures\/\" target=\"_blank\" rel=\"noreferrer noopener\">PCO TND 14<\/a><\/li>\n\n\n\n<li>Les mutuelles: Les mutuelles sont de plus en plus nombreuses \u00e0 rembourser les s\u00e9ances de psychomotricit\u00e9. Il peut s\u2019agir d\u2019un forfait \u00e0 l\u2019ann\u00e9e ou par s\u00e9ance. Pour n&rsquo;en citer que quelques unes: Cocoon assurance sant\u00e9, Swiss life, Gan Pr\u00e9voyance sant\u00e9, Malakoff Humanis, Harmonie mutuelle,&#8230; N&rsquo;h\u00e9sitez pas \u00e0 vous renseigner aupr\u00e8s de votre mutuelle.<\/li>\n\n\n\n<li>Pour les personnes aux revenus modestes qui font face \u00e0 des des difficult\u00e9s financi\u00e8res  suite \u00e0 une maladie, accident de travail, grossesse ou encore un handicap, il existe l&rsquo;<a href=\"https:\/\/www.aide-sociale.fr\/aide-exceptionnelle-cpam\/#fonctionnement\" target=\"_blank\" rel=\"noreferrer noopener\">aide exceptionnelle de la CPAM.<\/a><a href=\"https:\/\/www.ameli.fr\/calvados\/assure\/droits-demarches\/difficultes-acces-droits-soins\/aides-financieres-individuelles\" target=\"_blank\" rel=\"noreferrer noopener\">&nbsp;<\/a><\/li>\n\n\n\n<li>Les Comit\u00e9s d&rsquo;Entreprises<\/li>\n<\/ul>\n","protected":false},"excerpt":{"rendered":"<p>Tarifs Bilan psychomoteur: S\u00e9ance individuelle: Ateliers: Les remboursements possibles Malgr\u00e9 le fait que la prescription m\u00e9dicale soit obligatoire pour b\u00e9n\u00e9ficier de psychomotricit\u00e9, le bilan et les s\u00e9ances de soin psychomoteur ne sont pas rembours\u00e9s par la s\u00e9curit\u00e9 sociale. Cependant certaines alternatives existent pour vous aider \u00e0 financer les soins en psychomotricit\u00e9.<\/p>\n","protected":false},"author":1,"featured_media":0,"parent":0,"menu_order":0,"comment_status":"closed","ping_status":"closed","template":"","meta":{"_crdt_document":"","_monsterinsights_skip_tracking":false,"_monsterinsights_sitenote_active":false,"_monsterinsights_sitenote_note":"","_monsterinsights_sitenote_category":0,"footnotes":""},"class_list":["post-48","page","type-page","status-publish","hentry","entry"],"yoast_head":"<!-- This site is optimized with the Yoast SEO plugin v27.4 - https:\/\/yoast.com\/product\/yoast-seo-wordpress\/ -->\n<title>Tarifs et remboursements - Morgane Josset psychomotricienne \u00e0 Caen<\/title>\n<meta name=\"description\" content=\"Tarifs et remboursement Morgane josset psychomotricienne \u00e0 Caen.\" \/>\n<meta name=\"robots\" content=\"index, follow, max-snippet:-1, max-image-preview:large, max-video-preview:-1\" \/>\n<link rel=\"canonical\" href=\"https:\/\/www.josset-psychomot.fr\/?page_id=48\" \/>\n<meta property=\"og:locale\" content=\"fr_FR\" \/>\n<meta property=\"og:type\" content=\"article\" \/>\n<meta property=\"og:title\" content=\"Tarifs et remboursements - Morgane Josset psychomotricienne \u00e0 Caen\" \/>\n<meta property=\"og:description\" content=\"Tarifs et remboursement Morgane josset psychomotricienne \u00e0 Caen.\" \/>\n<meta property=\"og:url\" content=\"https:\/\/www.josset-psychomot.fr\/?page_id=48\" \/>\n<meta property=\"og:site_name\" content=\"Morgane Josset psychomotricienne \u00e0 Caen\" \/>\n<meta property=\"article:modified_time\" content=\"2025-01-27T10:00:23+00:00\" \/>\n<meta name=\"twitter:card\" content=\"summary_large_image\" \/>\n<meta name=\"twitter:label1\" content=\"Dur\u00e9e de lecture estim\u00e9e\" \/>\n\t<meta name=\"twitter:data1\" content=\"2 minutes\" \/>\n<script type=\"application\/ld+json\" class=\"yoast-schema-graph\">{\"@context\":\"https:\\\/\\\/schema.org\",\"@graph\":[{\"@type\":\"WebPage\",\"@id\":\"https:\\\/\\\/www.josset-psychomot.fr\\\/?page_id=48\",\"url\":\"https:\\\/\\\/www.josset-psychomot.fr\\\/?page_id=48\",\"name\":\"Tarifs et remboursements - Morgane Josset psychomotricienne \u00e0 Caen\",\"isPartOf\":{\"@id\":\"https:\\\/\\\/www.josset-psychomot.fr\\\/#website\"},\"datePublished\":\"2023-08-05T22:14:18+00:00\",\"dateModified\":\"2025-01-27T10:00:23+00:00\",\"description\":\"Tarifs et remboursement Morgane josset psychomotricienne \u00e0 Caen.\",\"breadcrumb\":{\"@id\":\"https:\\\/\\\/www.josset-psychomot.fr\\\/?page_id=48#breadcrumb\"},\"inLanguage\":\"fr-FR\",\"potentialAction\":[{\"@type\":\"ReadAction\",\"target\":[\"https:\\\/\\\/www.josset-psychomot.fr\\\/?page_id=48\"]}]},{\"@type\":\"BreadcrumbList\",\"@id\":\"https:\\\/\\\/www.josset-psychomot.fr\\\/?page_id=48#breadcrumb\",\"itemListElement\":[{\"@type\":\"ListItem\",\"position\":1,\"name\":\"Accueil\",\"item\":\"https:\\\/\\\/www.josset-psychomot.fr\\\/\"},{\"@type\":\"ListItem\",\"position\":2,\"name\":\"Tarifs et remboursements\"}]},{\"@type\":\"WebSite\",\"@id\":\"https:\\\/\\\/www.josset-psychomot.fr\\\/#website\",\"url\":\"https:\\\/\\\/www.josset-psychomot.fr\\\/\",\"name\":\"Morgane Josset psychomotricienne \u00e0 Caen\",\"description\":\"\",\"publisher\":{\"@id\":\"https:\\\/\\\/www.josset-psychomot.fr\\\/#organization\"},\"potentialAction\":[{\"@type\":\"SearchAction\",\"target\":{\"@type\":\"EntryPoint\",\"urlTemplate\":\"https:\\\/\\\/www.josset-psychomot.fr\\\/?s={search_term_string}\"},\"query-input\":{\"@type\":\"PropertyValueSpecification\",\"valueRequired\":true,\"valueName\":\"search_term_string\"}}],\"inLanguage\":\"fr-FR\"},{\"@type\":\"Organization\",\"@id\":\"https:\\\/\\\/www.josset-psychomot.fr\\\/#organization\",\"name\":\"Morgane Josset psychomotricienne \u00e0 Caen\",\"url\":\"https:\\\/\\\/www.josset-psychomot.fr\\\/\",\"logo\":{\"@type\":\"ImageObject\",\"inLanguage\":\"fr-FR\",\"@id\":\"https:\\\/\\\/www.josset-psychomot.fr\\\/#\\\/schema\\\/logo\\\/image\\\/\",\"url\":\"https:\\\/\\\/www.josset-psychomot.fr\\\/wp-content\\\/uploads\\\/2024\\\/09\\\/cropped-logo-site-2.jpg\",\"contentUrl\":\"https:\\\/\\\/www.josset-psychomot.fr\\\/wp-content\\\/uploads\\\/2024\\\/09\\\/cropped-logo-site-2.jpg\",\"width\":1067,\"height\":863,\"caption\":\"Morgane Josset psychomotricienne \u00e0 Caen\"},\"image\":{\"@id\":\"https:\\\/\\\/www.josset-psychomot.fr\\\/#\\\/schema\\\/logo\\\/image\\\/\"}}]}<\/script>\n<!-- \/ Yoast SEO plugin. -->","yoast_head_json":{"title":"Tarifs et remboursements - Morgane Josset psychomotricienne \u00e0 Caen","description":"Tarifs et remboursement Morgane josset psychomotricienne \u00e0 Caen.","robots":{"index":"index","follow":"follow","max-snippet":"max-snippet:-1","max-image-preview":"max-image-preview:large","max-video-preview":"max-video-preview:-1"},"canonical":"https:\/\/www.josset-psychomot.fr\/?page_id=48","og_locale":"fr_FR","og_type":"article","og_title":"Tarifs et remboursements - Morgane Josset psychomotricienne \u00e0 Caen","og_description":"Tarifs et remboursement Morgane josset psychomotricienne \u00e0 Caen.","og_url":"https:\/\/www.josset-psychomot.fr\/?page_id=48","og_site_name":"Morgane Josset psychomotricienne \u00e0 Caen","article_modified_time":"2025-01-27T10:00:23+00:00","twitter_card":"summary_large_image","twitter_misc":{"Dur\u00e9e de lecture estim\u00e9e":"2 minutes"},"schema":{"@context":"https:\/\/schema.org","@graph":[{"@type":"WebPage","@id":"https:\/\/www.josset-psychomot.fr\/?page_id=48","url":"https:\/\/www.josset-psychomot.fr\/?page_id=48","name":"Tarifs et remboursements - Morgane Josset psychomotricienne \u00e0 Caen","isPartOf":{"@id":"https:\/\/www.josset-psychomot.fr\/#website"},"datePublished":"2023-08-05T22:14:18+00:00","dateModified":"2025-01-27T10:00:23+00:00","description":"Tarifs et remboursement Morgane josset psychomotricienne \u00e0 Caen.","breadcrumb":{"@id":"https:\/\/www.josset-psychomot.fr\/?page_id=48#breadcrumb"},"inLanguage":"fr-FR","potentialAction":[{"@type":"ReadAction","target":["https:\/\/www.josset-psychomot.fr\/?page_id=48"]}]},{"@type":"BreadcrumbList","@id":"https:\/\/www.josset-psychomot.fr\/?page_id=48#breadcrumb","itemListElement":[{"@type":"ListItem","position":1,"name":"Accueil","item":"https:\/\/www.josset-psychomot.fr\/"},{"@type":"ListItem","position":2,"name":"Tarifs et remboursements"}]},{"@type":"WebSite","@id":"https:\/\/www.josset-psychomot.fr\/#website","url":"https:\/\/www.josset-psychomot.fr\/","name":"Morgane Josset psychomotricienne \u00e0 Caen","description":"","publisher":{"@id":"https:\/\/www.josset-psychomot.fr\/#organization"},"potentialAction":[{"@type":"SearchAction","target":{"@type":"EntryPoint","urlTemplate":"https:\/\/www.josset-psychomot.fr\/?s={search_term_string}"},"query-input":{"@type":"PropertyValueSpecification","valueRequired":true,"valueName":"search_term_string"}}],"inLanguage":"fr-FR"},{"@type":"Organization","@id":"https:\/\/www.josset-psychomot.fr\/#organization","name":"Morgane Josset psychomotricienne \u00e0 Caen","url":"https:\/\/www.josset-psychomot.fr\/","logo":{"@type":"ImageObject","inLanguage":"fr-FR","@id":"https:\/\/www.josset-psychomot.fr\/#\/schema\/logo\/image\/","url":"https:\/\/www.josset-psychomot.fr\/wp-content\/uploads\/2024\/09\/cropped-logo-site-2.jpg","contentUrl":"https:\/\/www.josset-psychomot.fr\/wp-content\/uploads\/2024\/09\/cropped-logo-site-2.jpg","width":1067,"height":863,"caption":"Morgane Josset psychomotricienne \u00e0 Caen"},"image":{"@id":"https:\/\/www.josset-psychomot.fr\/#\/schema\/logo\/image\/"}}]}},"jetpack_sharing_enabled":true,"_links":{"self":[{"href":"https:\/\/www.josset-psychomot.fr\/index.php?rest_route=\/wp\/v2\/pages\/48","targetHints":{"allow":["GET"]}}],"collection":[{"href":"https:\/\/www.josset-psychomot.fr\/index.php?rest_route=\/wp\/v2\/pages"}],"about":[{"href":"https:\/\/www.josset-psychomot.fr\/index.php?rest_route=\/wp\/v2\/types\/page"}],"author":[{"embeddable":true,"href":"https:\/\/www.josset-psychomot.fr\/index.php?rest_route=\/wp\/v2\/users\/1"}],"replies":[{"embeddable":true,"href":"https:\/\/www.josset-psychomot.fr\/index.php?rest_route=%2Fwp%2Fv2%2Fcomments&post=48"}],"version-history":[{"count":15,"href":"https:\/\/www.josset-psychomot.fr\/index.php?rest_route=\/wp\/v2\/pages\/48\/revisions"}],"predecessor-version":[{"id":750,"href":"https:\/\/www.josset-psychomot.fr\/index.php?rest_route=\/wp\/v2\/pages\/48\/revisions\/750"}],"wp:attachment":[{"href":"https:\/\/www.josset-psychomot.fr\/index.php?rest_route=%2Fwp%2Fv2%2Fmedia&parent=48"}],"curies":[{"name":"wp","href":"https:\/\/api.w.org\/{rel}","templated":true}]}}