{"id":599,"date":"2023-10-20T08:58:35","date_gmt":"2023-10-20T06:58:35","guid":{"rendered":"https:\/\/www.josset-psychomot.fr\/?page_id=599"},"modified":"2023-10-20T10:17:25","modified_gmt":"2023-10-20T08:17:25","slug":"liens-utiles","status":"publish","type":"page","link":"https:\/\/www.josset-psychomot.fr\/?page_id=599","title":{"rendered":"Liens utiles"},"content":{"rendered":"\n<h3 class=\"wp-block-heading has-text-align-center\">Liens utiles<\/h3>\n\n\n\n<div style=\"height:40px\" aria-hidden=\"true\" class=\"wp-block-spacer\"><\/div>\n\n\n\n<p class=\"wp-block-paragraph\" style=\"font-size:16px\">Voici quelques articles, sites, vid\u00e9os et autre contenus en lien avec le d\u00e9veloppement psychomoteur de l&rsquo;enfant.<\/p>\n\n\n\n<div style=\"height:40px\" aria-hidden=\"true\" class=\"wp-block-spacer\"><\/div>\n\n\n\n<h2 class=\"wp-block-heading\">Le portage<\/h2>\n\n\n\n<p class=\"wp-block-paragraph\" style=\"font-size:16px\"><a href=\"https:\/\/bougribouillons.fr\/tag\/portage\/\" target=\"_blank\" rel=\"noreferrer noopener\">Bougribouillons Le Blog<\/a><\/p>\n\n\n\n<div style=\"height:40px\" aria-hidden=\"true\" class=\"wp-block-spacer\"><\/div>\n\n\n\n<div class=\"wp-block-columns is-layout-flex wp-container-core-columns-is-layout-8f761849 wp-block-columns-is-layout-flex\">\n<div class=\"wp-block-column is-layout-flow wp-block-column-is-layout-flow\">\n<h2 class=\"wp-block-heading\"><strong>Le chaussage<\/strong><\/h2>\n\n\n\n<p class=\"wp-block-paragraph\" style=\"font-size:16px\"><a href=\"https:\/\/presquepiedsnus.wordpress.com\/\" target=\"_blank\" rel=\"noreferrer noopener\">Presque pieds nus<\/a><\/p>\n\n\n\n<p class=\"wp-block-paragraph\" style=\"font-size:16px\"><a href=\"https:\/\/www.carolecoenen.be\/2017\/10\/27\/bien-choisir-les-premieres-chaussures-de-votre-enfant\/\" target=\"_blank\" rel=\"noreferrer noopener\">Bien choisir les premi\u00e8res chaussures de votre enfant<\/a><\/p>\n<\/div>\n\n\n\n<div class=\"wp-block-column is-layout-flow wp-block-column-is-layout-flow\"><div class=\"wp-block-image\">\n<figure class=\"aligncenter size-full is-resized\"><img loading=\"lazy\" decoding=\"async\" width=\"563\" height=\"375\" src=\"https:\/\/www.josset-psychomot.fr\/wp-content\/uploads\/2023\/10\/chaussage.jpg\" alt=\"\" class=\"wp-image-609\" style=\"width:266px;height:auto\" srcset=\"https:\/\/www.josset-psychomot.fr\/wp-content\/uploads\/2023\/10\/chaussage.jpg 563w, https:\/\/www.josset-psychomot.fr\/wp-content\/uploads\/2023\/10\/chaussage-300x200.jpg 300w\" sizes=\"auto, (max-width: 563px) 100vw, 563px\" \/><\/figure>\n<\/div><\/div>\n<\/div>\n\n\n\n<div style=\"height:40px\" aria-hidden=\"true\" class=\"wp-block-spacer\"><\/div>\n\n\n\n<h2 class=\"wp-block-heading\">L&rsquo;oralit\u00e9<\/h2>\n\n\n\n<p class=\"wp-block-paragraph\" style=\"font-size:16px\"><a href=\"http:\/\/chrome-extension:\/\/efaidnbmnnnibpcajpcglclefindmkaj\/https:\/\/www.tete-cou.fr\/medias\/fichiers\/Livret_attention_a_mon_oralite_2018.pdf\" target=\"_blank\" rel=\"noreferrer noopener\">Livret attention \u00e0 mon oralit\u00e9<\/a><\/p>\n\n\n\n<div style=\"height:40px\" aria-hidden=\"true\" class=\"wp-block-spacer\"><\/div>\n\n\n\n<div class=\"wp-block-columns are-vertically-aligned-top is-layout-flex wp-container-core-columns-is-layout-8f761849 wp-block-columns-is-layout-flex\">\n<div class=\"wp-block-column is-vertically-aligned-top is-layout-flow wp-block-column-is-layout-flow\">\n<h2 class=\"wp-block-heading\">Comment \u00e9viter la plagioc\u00e9phalie (t\u00eate plate)<\/h2>\n\n\n\n<p class=\"wp-block-paragraph\"><a href=\"https:\/\/www.chu-dijon.fr\/prevenir-plagiocephalie\">Pr\u00e9venir la plagioc\u00e9phalie<\/a> <\/p>\n\n\n\n<p class=\"wp-block-paragraph\"><a href=\"https:\/\/www.has-sante.fr\/jcms\/p_3220369\/fr\/prevenir-la-tete-plate-conseils-aux-parents#:~:text=La%20plagioc%C3%A9phalie%20n'est%20pas,de%20jour%20comme%20de%20nuit.\">HAS Pr\u00e9venir la t\u00eate: conseils aux parents<\/a><\/p>\n\n\n\n<p class=\"wp-block-paragraph\"><a href=\"https:\/\/www.youtube.com\/watch?v=jCCr8Jj1n-8&amp;ab_channel=HopitauxUniversitairesdeGen%C3%A8ve\" target=\"_blank\" rel=\"noreferrer noopener\">La plagioc\u00e9phalie en vid\u00e9o<\/a><\/p>\n<\/div>\n\n\n\n<div class=\"wp-block-column is-vertically-aligned-top is-layout-flow wp-block-column-is-layout-flow\"><div class=\"wp-block-image\">\n<figure class=\"aligncenter size-full is-resized\"><img loading=\"lazy\" decoding=\"async\" width=\"510\" height=\"720\" src=\"https:\/\/www.josset-psychomot.fr\/wp-content\/uploads\/2023\/10\/HAS-Prevenir-la-tete-plate.jpg\" alt=\"\" class=\"wp-image-616\" style=\"width:351px;height:auto\" srcset=\"https:\/\/www.josset-psychomot.fr\/wp-content\/uploads\/2023\/10\/HAS-Prevenir-la-tete-plate.jpg 510w, https:\/\/www.josset-psychomot.fr\/wp-content\/uploads\/2023\/10\/HAS-Prevenir-la-tete-plate-213x300.jpg 213w\" sizes=\"auto, (max-width: 510px) 100vw, 510px\" \/><\/figure>\n<\/div><\/div>\n<\/div>\n\n\n\n<h2 class=\"wp-block-heading\">Le d\u00e9veloppement moteur de la naissance \u00e0 la marche<\/h2>\n\n\n\n<p class=\"wp-block-paragraph\" style=\"font-size:16px\"><a href=\"https:\/\/www.youtube.com\/watch?v=RRSR22KBT10&amp;ab_channel=ForestierMotricit%C3%A9\" target=\"_blank\" rel=\"noreferrer noopener\">Conf\u00e9rence de Mich\u00e8le Forestier, De la naissance \u00e0 la marche.<\/a><\/p>\n\n\n\n<p class=\"wp-block-paragraph\" style=\"font-size:16px\"><a href=\"https:\/\/psychomotrizen.fr\/?p=371\" target=\"_blank\" rel=\"noreferrer noopener\">Pourquoi ne faut-il pas assoir les b\u00e9b\u00e9s?<\/a><\/p>\n\n\n\n<p class=\"wp-block-paragraph\" style=\"font-size:16px\"><a href=\"https:\/\/www.youtube.com\/watch?v=Qr_KvjQPbeY&amp;ab_channel=ApplicationGO%C3%A9lan%3AParents-Enfants%2Cmoded%27emploi\" target=\"_blank\" rel=\"noreferrer noopener\">Vid\u00e9o: Mich\u00e8le Forestier nous parle des b\u00e9b\u00e9s bloqu\u00e9s assis<\/a><\/p>\n\n\n\n<p class=\"wp-block-paragraph\" style=\"font-size:16px\"><a href=\"https:\/\/www.youtube.com\/watch?v=deaMJ_JwWAs&amp;ab_channel=ApplicationGO%C3%A9lan%3AParents-Enfants%2Cmoded%27emploi\" target=\"_blank\" rel=\"noreferrer noopener\">Vid\u00e9o: Mich\u00e8le Forestier nous parle de la position assis W<\/a><\/p>\n\n\n\n<div style=\"height:40px\" aria-hidden=\"true\" class=\"wp-block-spacer\"><\/div>\n\n\n<div class=\"wp-block-image\">\n<figure class=\"aligncenter size-full\"><img loading=\"lazy\" decoding=\"async\" width=\"650\" height=\"449\" src=\"https:\/\/www.josset-psychomot.fr\/wp-content\/uploads\/2023\/10\/trotteur-vs-motricite-libre.png\" alt=\"\" class=\"wp-image-608\" srcset=\"https:\/\/www.josset-psychomot.fr\/wp-content\/uploads\/2023\/10\/trotteur-vs-motricite-libre.png 650w, https:\/\/www.josset-psychomot.fr\/wp-content\/uploads\/2023\/10\/trotteur-vs-motricite-libre-300x207.png 300w\" sizes=\"auto, (max-width: 650px) 100vw, 650px\" \/><\/figure>\n<\/div>\n\n\n<div style=\"height:40px\" aria-hidden=\"true\" class=\"wp-block-spacer\"><\/div>\n","protected":false},"excerpt":{"rendered":"<p>Liens utiles Voici quelques articles, sites, vid\u00e9os et autre contenus en lien avec le d\u00e9veloppement psychomoteur de l&rsquo;enfant. Le portage Bougribouillons Le Blog Le chaussage Presque pieds nus Bien choisir les premi\u00e8res chaussures de votre enfant L&rsquo;oralit\u00e9 Livret attention \u00e0 mon oralit\u00e9 Comment \u00e9viter la plagioc\u00e9phalie (t\u00eate plate) Pr\u00e9venir la plagioc\u00e9phalie HAS Pr\u00e9venir la t\u00eate: [&hellip;]<\/p>\n","protected":false},"author":3,"featured_media":0,"parent":0,"menu_order":0,"comment_status":"closed","ping_status":"closed","template":"","meta":{"_crdt_document":"","_monsterinsights_skip_tracking":false,"_monsterinsights_sitenote_active":false,"_monsterinsights_sitenote_note":"","_monsterinsights_sitenote_category":0,"footnotes":""},"class_list":["post-599","page","type-page","status-publish","hentry","entry"],"yoast_head":"<!-- This site is optimized with the Yoast SEO plugin v27.5 - https:\/\/yoast.com\/product\/yoast-seo-wordpress\/ -->\n<title>Liens utiles - Morgane Josset psychomotricienne \u00e0 Caen<\/title>\n<meta name=\"robots\" content=\"index, follow, max-snippet:-1, max-image-preview:large, max-video-preview:-1\" \/>\n<link rel=\"canonical\" href=\"https:\/\/www.josset-psychomot.fr\/?page_id=599\" \/>\n<meta property=\"og:locale\" content=\"fr_FR\" \/>\n<meta property=\"og:type\" content=\"article\" \/>\n<meta property=\"og:title\" content=\"Liens utiles - Morgane Josset psychomotricienne \u00e0 Caen\" \/>\n<meta property=\"og:description\" content=\"Liens utiles Voici quelques articles, sites, vid\u00e9os et autre contenus en lien avec le d\u00e9veloppement psychomoteur de l&rsquo;enfant. Le portage Bougribouillons Le Blog Le chaussage Presque pieds nus Bien choisir les premi\u00e8res chaussures de votre enfant L&rsquo;oralit\u00e9 Livret attention \u00e0 mon oralit\u00e9 Comment \u00e9viter la plagioc\u00e9phalie (t\u00eate plate) Pr\u00e9venir la plagioc\u00e9phalie HAS Pr\u00e9venir la t\u00eate: [&hellip;]\" \/>\n<meta property=\"og:url\" content=\"https:\/\/www.josset-psychomot.fr\/?page_id=599\" \/>\n<meta property=\"og:site_name\" content=\"Morgane Josset psychomotricienne \u00e0 Caen\" \/>\n<meta property=\"article:modified_time\" content=\"2023-10-20T08:17:25+00:00\" \/>\n<meta property=\"og:image\" content=\"https:\/\/www.josset-psychomot.fr\/wp-content\/uploads\/2023\/10\/chaussage.jpg\" \/>\n<meta name=\"twitter:card\" content=\"summary_large_image\" \/>\n<meta name=\"twitter:label1\" content=\"Dur\u00e9e de lecture estim\u00e9e\" \/>\n\t<meta name=\"twitter:data1\" content=\"2 minutes\" \/>\n<script type=\"application\/ld+json\" class=\"yoast-schema-graph\">{\"@context\":\"https:\\\/\\\/schema.org\",\"@graph\":[{\"@type\":\"WebPage\",\"@id\":\"https:\\\/\\\/www.josset-psychomot.fr\\\/?page_id=599\",\"url\":\"https:\\\/\\\/www.josset-psychomot.fr\\\/?page_id=599\",\"name\":\"Liens utiles - Morgane Josset psychomotricienne \u00e0 Caen\",\"isPartOf\":{\"@id\":\"https:\\\/\\\/www.josset-psychomot.fr\\\/#website\"},\"primaryImageOfPage\":{\"@id\":\"https:\\\/\\\/www.josset-psychomot.fr\\\/?page_id=599#primaryimage\"},\"image\":{\"@id\":\"https:\\\/\\\/www.josset-psychomot.fr\\\/?page_id=599#primaryimage\"},\"thumbnailUrl\":\"https:\\\/\\\/www.josset-psychomot.fr\\\/wp-content\\\/uploads\\\/2023\\\/10\\\/chaussage.jpg\",\"datePublished\":\"2023-10-20T06:58:35+00:00\",\"dateModified\":\"2023-10-20T08:17:25+00:00\",\"breadcrumb\":{\"@id\":\"https:\\\/\\\/www.josset-psychomot.fr\\\/?page_id=599#breadcrumb\"},\"inLanguage\":\"fr-FR\",\"potentialAction\":[{\"@type\":\"ReadAction\",\"target\":[\"https:\\\/\\\/www.josset-psychomot.fr\\\/?page_id=599\"]}]},{\"@type\":\"ImageObject\",\"inLanguage\":\"fr-FR\",\"@id\":\"https:\\\/\\\/www.josset-psychomot.fr\\\/?page_id=599#primaryimage\",\"url\":\"https:\\\/\\\/www.josset-psychomot.fr\\\/wp-content\\\/uploads\\\/2023\\\/10\\\/chaussage.jpg\",\"contentUrl\":\"https:\\\/\\\/www.josset-psychomot.fr\\\/wp-content\\\/uploads\\\/2023\\\/10\\\/chaussage.jpg\",\"width\":563,\"height\":375},{\"@type\":\"BreadcrumbList\",\"@id\":\"https:\\\/\\\/www.josset-psychomot.fr\\\/?page_id=599#breadcrumb\",\"itemListElement\":[{\"@type\":\"ListItem\",\"position\":1,\"name\":\"Accueil\",\"item\":\"https:\\\/\\\/www.josset-psychomot.fr\\\/\"},{\"@type\":\"ListItem\",\"position\":2,\"name\":\"Liens utiles\"}]},{\"@type\":\"WebSite\",\"@id\":\"https:\\\/\\\/www.josset-psychomot.fr\\\/#website\",\"url\":\"https:\\\/\\\/www.josset-psychomot.fr\\\/\",\"name\":\"Morgane Josset psychomotricienne \u00e0 Caen\",\"description\":\"\",\"publisher\":{\"@id\":\"https:\\\/\\\/www.josset-psychomot.fr\\\/#organization\"},\"potentialAction\":[{\"@type\":\"SearchAction\",\"target\":{\"@type\":\"EntryPoint\",\"urlTemplate\":\"https:\\\/\\\/www.josset-psychomot.fr\\\/?s={search_term_string}\"},\"query-input\":{\"@type\":\"PropertyValueSpecification\",\"valueRequired\":true,\"valueName\":\"search_term_string\"}}],\"inLanguage\":\"fr-FR\"},{\"@type\":\"Organization\",\"@id\":\"https:\\\/\\\/www.josset-psychomot.fr\\\/#organization\",\"name\":\"Morgane Josset psychomotricienne \u00e0 Caen\",\"url\":\"https:\\\/\\\/www.josset-psychomot.fr\\\/\",\"logo\":{\"@type\":\"ImageObject\",\"inLanguage\":\"fr-FR\",\"@id\":\"https:\\\/\\\/www.josset-psychomot.fr\\\/#\\\/schema\\\/logo\\\/image\\\/\",\"url\":\"https:\\\/\\\/www.josset-psychomot.fr\\\/wp-content\\\/uploads\\\/2024\\\/09\\\/cropped-logo-site-2.jpg\",\"contentUrl\":\"https:\\\/\\\/www.josset-psychomot.fr\\\/wp-content\\\/uploads\\\/2024\\\/09\\\/cropped-logo-site-2.jpg\",\"width\":1067,\"height\":863,\"caption\":\"Morgane Josset psychomotricienne \u00e0 Caen\"},\"image\":{\"@id\":\"https:\\\/\\\/www.josset-psychomot.fr\\\/#\\\/schema\\\/logo\\\/image\\\/\"}}]}<\/script>\n<!-- \/ Yoast SEO plugin. -->","yoast_head_json":{"title":"Liens utiles - Morgane Josset psychomotricienne \u00e0 Caen","robots":{"index":"index","follow":"follow","max-snippet":"max-snippet:-1","max-image-preview":"max-image-preview:large","max-video-preview":"max-video-preview:-1"},"canonical":"https:\/\/www.josset-psychomot.fr\/?page_id=599","og_locale":"fr_FR","og_type":"article","og_title":"Liens utiles - Morgane Josset psychomotricienne \u00e0 Caen","og_description":"Liens utiles Voici quelques articles, sites, vid\u00e9os et autre contenus en lien avec le d\u00e9veloppement psychomoteur de l&rsquo;enfant. Le portage Bougribouillons Le Blog Le chaussage Presque pieds nus Bien choisir les premi\u00e8res chaussures de votre enfant L&rsquo;oralit\u00e9 Livret attention \u00e0 mon oralit\u00e9 Comment \u00e9viter la plagioc\u00e9phalie (t\u00eate plate) Pr\u00e9venir la plagioc\u00e9phalie HAS Pr\u00e9venir la t\u00eate: [&hellip;]","og_url":"https:\/\/www.josset-psychomot.fr\/?page_id=599","og_site_name":"Morgane Josset psychomotricienne \u00e0 Caen","article_modified_time":"2023-10-20T08:17:25+00:00","og_image":[{"url":"https:\/\/www.josset-psychomot.fr\/wp-content\/uploads\/2023\/10\/chaussage.jpg","type":"","width":"","height":""}],"twitter_card":"summary_large_image","twitter_misc":{"Dur\u00e9e de lecture estim\u00e9e":"2 minutes"},"schema":{"@context":"https:\/\/schema.org","@graph":[{"@type":"WebPage","@id":"https:\/\/www.josset-psychomot.fr\/?page_id=599","url":"https:\/\/www.josset-psychomot.fr\/?page_id=599","name":"Liens utiles - Morgane Josset psychomotricienne \u00e0 Caen","isPartOf":{"@id":"https:\/\/www.josset-psychomot.fr\/#website"},"primaryImageOfPage":{"@id":"https:\/\/www.josset-psychomot.fr\/?page_id=599#primaryimage"},"image":{"@id":"https:\/\/www.josset-psychomot.fr\/?page_id=599#primaryimage"},"thumbnailUrl":"https:\/\/www.josset-psychomot.fr\/wp-content\/uploads\/2023\/10\/chaussage.jpg","datePublished":"2023-10-20T06:58:35+00:00","dateModified":"2023-10-20T08:17:25+00:00","breadcrumb":{"@id":"https:\/\/www.josset-psychomot.fr\/?page_id=599#breadcrumb"},"inLanguage":"fr-FR","potentialAction":[{"@type":"ReadAction","target":["https:\/\/www.josset-psychomot.fr\/?page_id=599"]}]},{"@type":"ImageObject","inLanguage":"fr-FR","@id":"https:\/\/www.josset-psychomot.fr\/?page_id=599#primaryimage","url":"https:\/\/www.josset-psychomot.fr\/wp-content\/uploads\/2023\/10\/chaussage.jpg","contentUrl":"https:\/\/www.josset-psychomot.fr\/wp-content\/uploads\/2023\/10\/chaussage.jpg","width":563,"height":375},{"@type":"BreadcrumbList","@id":"https:\/\/www.josset-psychomot.fr\/?page_id=599#breadcrumb","itemListElement":[{"@type":"ListItem","position":1,"name":"Accueil","item":"https:\/\/www.josset-psychomot.fr\/"},{"@type":"ListItem","position":2,"name":"Liens utiles"}]},{"@type":"WebSite","@id":"https:\/\/www.josset-psychomot.fr\/#website","url":"https:\/\/www.josset-psychomot.fr\/","name":"Morgane Josset psychomotricienne \u00e0 Caen","description":"","publisher":{"@id":"https:\/\/www.josset-psychomot.fr\/#organization"},"potentialAction":[{"@type":"SearchAction","target":{"@type":"EntryPoint","urlTemplate":"https:\/\/www.josset-psychomot.fr\/?s={search_term_string}"},"query-input":{"@type":"PropertyValueSpecification","valueRequired":true,"valueName":"search_term_string"}}],"inLanguage":"fr-FR"},{"@type":"Organization","@id":"https:\/\/www.josset-psychomot.fr\/#organization","name":"Morgane Josset psychomotricienne \u00e0 Caen","url":"https:\/\/www.josset-psychomot.fr\/","logo":{"@type":"ImageObject","inLanguage":"fr-FR","@id":"https:\/\/www.josset-psychomot.fr\/#\/schema\/logo\/image\/","url":"https:\/\/www.josset-psychomot.fr\/wp-content\/uploads\/2024\/09\/cropped-logo-site-2.jpg","contentUrl":"https:\/\/www.josset-psychomot.fr\/wp-content\/uploads\/2024\/09\/cropped-logo-site-2.jpg","width":1067,"height":863,"caption":"Morgane Josset psychomotricienne \u00e0 Caen"},"image":{"@id":"https:\/\/www.josset-psychomot.fr\/#\/schema\/logo\/image\/"}}]}},"jetpack_sharing_enabled":true,"_links":{"self":[{"href":"https:\/\/www.josset-psychomot.fr\/index.php?rest_route=\/wp\/v2\/pages\/599","targetHints":{"allow":["GET"]}}],"collection":[{"href":"https:\/\/www.josset-psychomot.fr\/index.php?rest_route=\/wp\/v2\/pages"}],"about":[{"href":"https:\/\/www.josset-psychomot.fr\/index.php?rest_route=\/wp\/v2\/types\/page"}],"author":[{"embeddable":true,"href":"https:\/\/www.josset-psychomot.fr\/index.php?rest_route=\/wp\/v2\/users\/3"}],"replies":[{"embeddable":true,"href":"https:\/\/www.josset-psychomot.fr\/index.php?rest_route=%2Fwp%2Fv2%2Fcomments&post=599"}],"version-history":[{"count":10,"href":"https:\/\/www.josset-psychomot.fr\/index.php?rest_route=\/wp\/v2\/pages\/599\/revisions"}],"predecessor-version":[{"id":622,"href":"https:\/\/www.josset-psychomot.fr\/index.php?rest_route=\/wp\/v2\/pages\/599\/revisions\/622"}],"wp:attachment":[{"href":"https:\/\/www.josset-psychomot.fr\/index.php?rest_route=%2Fwp%2Fv2%2Fmedia&parent=599"}],"curies":[{"name":"wp","href":"https:\/\/api.w.org\/{rel}","templated":true}]}}